{"id":81,"date":"2022-10-29T09:02:31","date_gmt":"2022-10-29T07:02:31","guid":{"rendered":"https:\/\/scitequipement.fr\/?page_id=81"},"modified":"2023-05-23T20:47:28","modified_gmt":"2023-05-23T18:47:28","slug":"renovations","status":"publish","type":"page","link":"https:\/\/scitequipement.fr\/renovations\/","title":{"rendered":"R\u00e9novations"},"content":{"rendered":"<p>[et_pb_section fb_built=\u00a0\u00bb1&Prime; module_class=\u00a0\u00bbtop-section\u00a0\u00bb _builder_version=\u00a0\u00bb4.18.1&Prime; _module_preset=\u00a0\u00bbdefault\u00a0\u00bb custom_padding=\u00a0\u00bb0px||||false|false\u00a0\u00bb global_colors_info=\u00a0\u00bb{}\u00a0\u00bb][et_pb_row _builder_version=\u00a0\u00bb4.18.0&Prime; _module_preset=\u00a0\u00bbdefault\u00a0\u00bb global_colors_info=\u00a0\u00bb{}\u00a0\u00bb][et_pb_column type=\u00a0\u00bb4_4&Prime; _builder_version=\u00a0\u00bb4.18.0&Prime; _module_preset=\u00a0\u00bbdefault\u00a0\u00bb global_colors_info=\u00a0\u00bb{}\u00a0\u00bb][et_pb_divider show_divider=\u00a0\u00bboff\u00a0\u00bb module_class=\u00a0\u00bbligne-rond inverse\u00a0\u00bb _builder_version=\u00a0\u00bb4.18.1&Prime; _module_preset=\u00a0\u00bbdefault\u00a0\u00bb custom_padding=\u00a0\u00bb10px||||false|false\u00a0\u00bb locked=\u00a0\u00bboff\u00a0\u00bb global_colors_info=\u00a0\u00bb{}\u00a0\u00bb][\/et_pb_divider][et_pb_text _builder_version=\u00a0\u00bb4.20.2&Prime; _module_preset=\u00a0\u00bbdefault\u00a0\u00bb content_en_us=\u00a0\u00bb<\/p>\n<h1>REFURBISHING\u2013 MODERNIZE &#8211; RENEWAL<\/h1>\n<p>\u00a0\u00bb global_colors_info=\u00a0\u00bb{}\u00a0\u00bb]<\/p>\n<h1>R\u00e9novation &#8211; R\u00e9habilitation &#8211; Modernisation<\/h1>\n<p>[\/et_pb_text][\/et_pb_column][\/et_pb_row][et_pb_row column_structure=\u00a0\u00bb1_2,1_2&Prime; _builder_version=\u00a0\u00bb4.19.0&Prime; _module_preset=\u00a0\u00bbdefault\u00a0\u00bb custom_padding=\u00a0\u00bb0px||||false|false\u00a0\u00bb global_colors_info=\u00a0\u00bb{}\u00a0\u00bb][et_pb_column type=\u00a0\u00bb1_2&Prime; _builder_version=\u00a0\u00bb4.18.0&Prime; _module_preset=\u00a0\u00bbdefault\u00a0\u00bb global_colors_info=\u00a0\u00bb{}\u00a0\u00bb][et_pb_text _builder_version=\u00a0\u00bb4.20.4&Prime; _module_preset=\u00a0\u00bbdefault\u00a0\u00bb text_font=\u00a0\u00bb||on||||||\u00a0\u00bb text_font_size=\u00a0\u00bb18px\u00a0\u00bb text_line_height=\u00a0\u00bb1.2em\u00a0\u00bb content_en_us=\u00a0\u00bb<\/p>\n<p>%22Modernize, renews needs that are accelerating%22<\/p>\n<p>\u00a0\u00bb global_colors_info=\u00a0\u00bb{}\u00a0\u00bb]<\/p>\n<p>\u00ab\u00a0Moderniser, renouveler, des besoins qui s\u2019acc\u00e9l\u00e8rent\u00a0\u00bb<\/p>\n<p>[\/et_pb_text][\/et_pb_column][et_pb_column type=\u00a0\u00bb1_2&Prime; _builder_version=\u00a0\u00bb4.18.0&Prime; _module_preset=\u00a0\u00bbdefault\u00a0\u00bb global_colors_info=\u00a0\u00bb{}\u00a0\u00bb][et_pb_video src=\u00a0\u00bbhttps:\/\/player.vimeo.com\/video\/816587295?h=a8d85e14c9&Prime; image_src=\u00a0\u00bbhttps:\/\/scitequipement.fr\/wp-content\/uploads\/2023\/02\/Renovation.00_00_07_19.Still004.png\u00a0\u00bb play_icon_color=\u00a0\u00bbRGBA(255,255,255,0)\u00a0\u00bb thumbnail_overlay_color=\u00a0\u00bbRGBA(255,255,255,0)\u00a0\u00bb module_class=\u00a0\u00bbvideo-fr\u00a0\u00bb _builder_version=\u00a0\u00bb4.20.4&Prime; _module_preset=\u00a0\u00bbdefault\u00a0\u00bb width=\u00a0\u00bb90%\u00a0\u00bb global_colors_info=\u00a0\u00bb{}\u00a0\u00bb][\/et_pb_video][et_pb_video src=\u00a0\u00bbhttps:\/\/player.vimeo.com\/video\/816569214?h=b22300a548&Prime; image_src=\u00a0\u00bbhttps:\/\/scitequipement.fr\/wp-content\/uploads\/2023\/02\/Renovation.00_00_07_19.Still004.png\u00a0\u00bb play_icon_color=\u00a0\u00bbRGBA(255,255,255,0)\u00a0\u00bb thumbnail_overlay_color=\u00a0\u00bbRGBA(255,255,255,0)\u00a0\u00bb module_class=\u00a0\u00bbvideo-en\u00a0\u00bb _builder_version=\u00a0\u00bb4.20.4&Prime; _module_preset=\u00a0\u00bbdefault\u00a0\u00bb width=\u00a0\u00bb90%\u00a0\u00bb global_colors_info=\u00a0\u00bb{}\u00a0\u00bb][\/et_pb_video][\/et_pb_column][\/et_pb_row][et_pb_row column_structure=\u00a0\u00bb1_3,2_3&Prime; _builder_version=\u00a0\u00bb4.18.0&Prime; _module_preset=\u00a0\u00bbdefault\u00a0\u00bb global_colors_info=\u00a0\u00bb{}\u00a0\u00bb][et_pb_column type=\u00a0\u00bb1_3&Prime; _builder_version=\u00a0\u00bb4.18.0&Prime; _module_preset=\u00a0\u00bbdefault\u00a0\u00bb global_colors_info=\u00a0\u00bb{}\u00a0\u00bb][et_pb_image src=\u00a0\u00bbhttps:\/\/scitequipement.fr\/wp-content\/uploads\/2023\/03\/Renovation-02.00_00_02_02.Still004-1-1-1024&#215;964.png\u00a0\u00bb title_text=\u00a0\u00bbRenovation-02.00_00_02_02.Still004 (1) (1)\u00a0\u00bb _builder_version=\u00a0\u00bb4.20.0&Prime; _module_preset=\u00a0\u00bbdefault\u00a0\u00bb custom_margin=\u00a0\u00bb-50px||||false|false\u00a0\u00bb global_colors_info=\u00a0\u00bb{}\u00a0\u00bb][\/et_pb_image][et_pb_text _builder_version=\u00a0\u00bb4.20.4&Prime; _module_preset=\u00a0\u00bbdefault\u00a0\u00bb custom_padding=\u00a0\u00bb|||130px|false|false\u00a0\u00bb content_en_us=\u00a0\u00bb<\/p>\n<ul>\n<li>*Electrical qualification<\/li>\n<li>*Working at height<\/li>\n<li>*Bonding\/Gluing<\/li>\n<li>*SS4 asbestos<\/li>\n<li>*Welding EN 15085<\/li>\n<\/ul>\n<p>\u00a0\u00bb global_colors_info=\u00a0\u00bb{}\u00a0\u00bb]<\/p>\n<ul>\n<li>*Habilitation \u00e9lectrique<\/li>\n<li>*Travail en hauteur<\/li>\n<li>*Collage sp\u00e9cifique<\/li>\n<li>*SS4 amiante<\/li>\n<li>*Soudure EN 15085<\/li>\n<\/ul>\n<p>[\/et_pb_text][\/et_pb_column][et_pb_column type=\u00a0\u00bb2_3&Prime; _builder_version=\u00a0\u00bb4.18.0&Prime; _module_preset=\u00a0\u00bbdefault\u00a0\u00bb global_colors_info=\u00a0\u00bb{}\u00a0\u00bb][et_pb_text module_class=\u00a0\u00bbcarre-rouge\u00a0\u00bb _builder_version=\u00a0\u00bb4.20.4&Prime; _module_preset=\u00a0\u00bbdefault\u00a0\u00bb content_en_us=\u00a0\u00bb<\/p>\n<p>SCIT EQUIPMENT offers its customers the equipment\u2019s upgrade (Refurbishment, rehabilitation, renovation, modernization of passenger cars).<\/p>\n<ul>\n<li>We adapt our interventions, at customer site or in our facility with our operators or subcontracting with contractors\/manufacturers.<\/li>\n<li>We operate in a %22secure environment%22 with qualified professionals, experienced, and regularly trained operators*<\/li>\n<li>Our commitment to meet deadlines is made possible by mastery and the adaptability of our supply chain.<br \/>We contribute to environmental protection through waste management, and the use of innovative materials.<\/li>\n<li>We carry out studies and specific manufacturing review on several families of products: exterior shell and interior paneling.<\/li>\n<li>We support the digital transition of rolling stock with display tools,and other embedded computer systems.<\/li>\n<\/ul>\n<p>\u00a0\u00bb global_colors_info=\u00a0\u00bb{}\u00a0\u00bb]<\/p>\n<p>Gr\u00e2ce \u00e0 un management adapt\u00e9, SCIT EQUIPEMENT propose \u00e0 ses clients la r\u00e9novation du mat\u00e9riel roulant (<em>r\u00e9fection, r\u00e9habilitation, r\u00e9novation, modernisation des voitures\u00a0 voyageurs, des termes multiples qui se pr\u00e9cisent selon les cahiers des charges clients<\/em>).<\/p>\n<ul>\n<li>Nous adaptons nos interventions sur le site de l\u2019exploitant ou en nos locaux, en cotraitance ou en sous-traitance avec les op\u00e9rateurs et les constructeurs.<\/li>\n<li>Nous intervenons dans un \u00ab environnement s\u00e9curis\u00e9 \u00bb avec des professionnels qualifi\u00e9s, exp\u00e9riment\u00e9s et form\u00e9s r\u00e9guli\u00e8rement*<\/li>\n<li>Notre engagement est de respecter les d\u00e9lais par la maitrise et l\u2019adaptabilit\u00e9 de notre chaine logistique.<\/li>\n<li>Nous contibuons \u00e0 la protection environnementale par la gestion des d\u00e9chets, et l\u2019utilisation de mat\u00e9riaux innovants.<\/li>\n<li>\u00c0 la demande de nos clients nous pouvons r\u00e9aliser des \u00e9tudes des fabrications sp\u00e9cifiques sur plusieurs familles de produits : Habillage ext\u00e9rieur ou int\u00e9rieur.<\/li>\n<li>Nous accompagnons la transition num\u00e9rique du mat\u00e9riel roulant<br \/>avec des outils d&rsquo;affichage et d&rsquo;autres syst\u00e8mes d&rsquo;\u00e9quipement informatiques embarqu\u00e9s.<\/li>\n<\/ul>\n<p>[\/et_pb_text][\/et_pb_column][\/et_pb_row][\/et_pb_section][et_pb_section fb_built=\u00a0\u00bb1&Prime; _builder_version=\u00a0\u00bb4.19.0&Prime; _module_preset=\u00a0\u00bbdefault\u00a0\u00bb background_color=\u00a0\u00bbRGBA(255,255,255,0)\u00a0\u00bb custom_padding=\u00a0\u00bb0px||||false|false\u00a0\u00bb global_colors_info=\u00a0\u00bb{}\u00a0\u00bb][et_pb_row _builder_version=\u00a0\u00bb4.18.1&Prime; _module_preset=\u00a0\u00bbdefault\u00a0\u00bb global_colors_info=\u00a0\u00bb{}\u00a0\u00bb][et_pb_column type=\u00a0\u00bb4_4&Prime; _builder_version=\u00a0\u00bb4.18.1&Prime; _module_preset=\u00a0\u00bbdefault\u00a0\u00bb global_colors_info=\u00a0\u00bb{}\u00a0\u00bb][et_pb_text _builder_version=\u00a0\u00bb4.19.4&Prime; _module_preset=\u00a0\u00bbdefault\u00a0\u00bb content_en_us=\u00a0\u00bb<\/p>\n<h2>In photos<\/h2>\n<p>\u00a0\u00bb global_colors_info=\u00a0\u00bb{}\u00a0\u00bb]<\/p>\n<h2>En images<\/h2>\n<p>[\/et_pb_text][\/et_pb_column][\/et_pb_row][et_pb_row use_custom_gutter=\u00a0\u00bbon\u00a0\u00bb gutter_width=\u00a0\u00bb2&Prime; _builder_version=\u00a0\u00bb4.18.1&Prime; _module_preset=\u00a0\u00bbdefault\u00a0\u00bb background_color=\u00a0\u00bb#ebeef3&Prime; custom_padding=\u00a0\u00bb|20px||20px|false|true\u00a0\u00bb global_colors_info=\u00a0\u00bb{}\u00a0\u00bb][et_pb_column type=\u00a0\u00bb4_4&Prime; _builder_version=\u00a0\u00bb4.18.1&Prime; _module_preset=\u00a0\u00bbdefault\u00a0\u00bb global_colors_info=\u00a0\u00bb{}\u00a0\u00bb][ba_image_carousel is_autoplay=\u00a0\u00bboff\u00a0\u00bb _builder_version=\u00a0\u00bb4.21.0&Prime; _module_preset=\u00a0\u00bbdefault\u00a0\u00bb hover_enabled=\u00a0\u00bb0&Prime; global_colors_info=\u00a0\u00bb{}\u00a0\u00bb sticky_enabled=\u00a0\u00bb0&Prime;][ba_image_carousel_child admin_title=\u00a0\u00bb1&Prime; photo=\u00a0\u00bbhttps:\/\/scitequipement.fr\/wp-content\/uploads\/2022\/10\/Etalonnage-02.00_00_02_18.Still004.png\u00a0\u00bb _builder_version=\u00a0\u00bb4.20.4&Prime; _module_preset=\u00a0\u00bbdefault\u00a0\u00bb global_colors_info=\u00a0\u00bb{}\u00a0\u00bb][\/ba_image_carousel_child][ba_image_carousel_child admin_title=\u00a0\u00bb3&Prime; photo=\u00a0\u00bbhttps:\/\/scitequipement.fr\/wp-content\/uploads\/2022\/10\/Etalonnage-03.00_00_02_18.jpg\u00a0\u00bb _builder_version=\u00a0\u00bb4.20.4&Prime; _module_preset=\u00a0\u00bbdefault\u00a0\u00bb global_colors_info=\u00a0\u00bb{}\u00a0\u00bb][\/ba_image_carousel_child][ba_image_carousel_child admin_title=\u00a0\u00bb4&Prime; photo=\u00a0\u00bbhttps:\/\/scitequipement.fr\/wp-content\/uploads\/2022\/10\/Etalonnage-01-Copier-01.00_00_02_18.Still003.png\u00a0\u00bb _builder_version=\u00a0\u00bb4.20.4&Prime; _module_preset=\u00a0\u00bbdefault\u00a0\u00bb global_colors_info=\u00a0\u00bb{}\u00a0\u00bb][\/ba_image_carousel_child][ba_image_carousel_child photo=\u00a0\u00bbhttps:\/\/scitequipement.fr\/wp-content\/uploads\/2023\/02\/baie-a-imposte-scaled.jpg\u00a0\u00bb _builder_version=\u00a0\u00bb4.20.4&Prime; _module_preset=\u00a0\u00bbdefault\u00a0\u00bb global_colors_info=\u00a0\u00bb{}\u00a0\u00bb][\/ba_image_carousel_child][ba_image_carousel_child photo=\u00a0\u00bbhttps:\/\/scitequipement.fr\/wp-content\/uploads\/2023\/02\/plafond-scaled.jpg\u00a0\u00bb _builder_version=\u00a0\u00bb4.20.0&Prime; _module_preset=\u00a0\u00bbdefault\u00a0\u00bb global_colors_info=\u00a0\u00bb{}\u00a0\u00bb][\/ba_image_carousel_child][ba_image_carousel_child photo=\u00a0\u00bbhttps:\/\/scitequipement.fr\/wp-content\/uploads\/2023\/02\/16-RENOVATION-02-MIX-ETALO.00_00_24_20.Still003.png\u00a0\u00bb _builder_version=\u00a0\u00bb4.20.0&Prime; _module_preset=\u00a0\u00bbdefault\u00a0\u00bb global_colors_info=\u00a0\u00bb{}\u00a0\u00bb][\/ba_image_carousel_child][ba_image_carousel_child photo=\u00a0\u00bbhttps:\/\/scitequipement.fr\/wp-content\/uploads\/2023\/05\/01.001.jpeg\u00a0\u00bb _builder_version=\u00a0\u00bb4.20.4&Prime; _module_preset=\u00a0\u00bbdefault\u00a0\u00bb global_colors_info=\u00a0\u00bb{}\u00a0\u00bb][\/ba_image_carousel_child][ba_image_carousel_child photo=\u00a0\u00bbhttps:\/\/scitequipement.fr\/wp-content\/uploads\/2023\/05\/20230424_102856-rotated.jpg\u00a0\u00bb _builder_version=\u00a0\u00bb4.20.4&Prime; _module_preset=\u00a0\u00bbdefault\u00a0\u00bb global_colors_info=\u00a0\u00bb{}\u00a0\u00bb][\/ba_image_carousel_child][ba_image_carousel_child photo=\u00a0\u00bbhttps:\/\/scitequipement.fr\/wp-content\/uploads\/2023\/05\/20230424_102943.jpg\u00a0\u00bb _builder_version=\u00a0\u00bb4.20.4&Prime; _module_preset=\u00a0\u00bbdefault\u00a0\u00bb global_colors_info=\u00a0\u00bb{}\u00a0\u00bb][\/ba_image_carousel_child][\/ba_image_carousel][\/et_pb_column][\/et_pb_row][\/et_pb_section][et_pb_section fb_built=\u00a0\u00bb1&Prime; _builder_version=\u00a0\u00bb4.20.0&Prime; _module_preset=\u00a0\u00bbdefault\u00a0\u00bb background_color=\u00a0\u00bbRGBA(255,255,255,0)\u00a0\u00bb custom_padding=\u00a0\u00bb0px||0px||true|false\u00a0\u00bb global_module=\u00a0\u00bb61&Prime; saved_tabs=\u00a0\u00bball\u00a0\u00bb global_colors_info=\u00a0\u00bb{}\u00a0\u00bb][et_pb_row _builder_version=\u00a0\u00bb4.18.0&Prime; _module_preset=\u00a0\u00bbdefault\u00a0\u00bb global_colors_info=\u00a0\u00bb{}\u00a0\u00bb][et_pb_column type=\u00a0\u00bb4_4&Prime; _builder_version=\u00a0\u00bb4.18.0&Prime; _module_preset=\u00a0\u00bbdefault\u00a0\u00bb global_colors_info=\u00a0\u00bb{}\u00a0\u00bb][et_pb_divider color=\u00a0\u00bb#bfcadb\u00a0\u00bb divider_weight=\u00a0\u00bb3px\u00a0\u00bb _builder_version=\u00a0\u00bb4.18.0&Prime; _module_preset=\u00a0\u00bbdefault\u00a0\u00bb global_colors_info=\u00a0\u00bb{}\u00a0\u00bb][\/et_pb_divider][et_pb_button button_url=\u00a0\u00bb@ET-DC@eyJkeW5hbWljIjp0cnVlLCJjb250ZW50IjoicG9zdF9saW5rX3VybF9wYWdlIiwic2V0dGluZ3MiOnsicG9zdF9pZCI6IjM1MyJ9fQ==@\u00a0\u00bb button_text=\u00a0\u00bbPrendre contact\u00a0\u00bb button_alignment=\u00a0\u00bbcenter\u00a0\u00bb _builder_version=\u00a0\u00bb4.20.0&Prime; _dynamic_attributes=\u00a0\u00bbbutton_url\u00a0\u00bb _module_preset=\u00a0\u00bbdefault\u00a0\u00bb button_text_en_us=\u00a0\u00bbContact us\u00a0\u00bb global_colors_info=\u00a0\u00bb{}\u00a0\u00bb][\/et_pb_button][\/et_pb_column][\/et_pb_row][\/et_pb_section]<\/p>\n","protected":false},"excerpt":{"rendered":"<p>R\u00e9novation &#8211; R\u00e9habilitation &#8211; Modernisation\u00a0\u00bbModerniser, renouveler, des besoins qui s\u2019acc\u00e9l\u00e8rent\u00a0\u00bb *Habilitation \u00e9lectrique *Travail en hauteur *Collage sp\u00e9cifique *SS4 amiante *Soudure EN 15085 Gr\u00e2ce \u00e0 un management adapt\u00e9, SCIT EQUIPEMENT propose \u00e0 ses clients la r\u00e9novation du mat\u00e9riel roulant (r\u00e9fection, r\u00e9habilitation, r\u00e9novation, modernisation des voitures\u00a0 voyageurs, des termes multiples qui se pr\u00e9cisent selon les cahiers des [&hellip;]<\/p>\n","protected":false},"author":1,"featured_media":0,"parent":0,"menu_order":0,"comment_status":"closed","ping_status":"closed","template":"","meta":{"_et_pb_use_builder":"on","_et_pb_old_content":"","_et_gb_content_width":"","footnotes":""},"class_list":["post-81","page","type-page","status-publish","hentry"],"yoast_head":"<!-- This site is optimized with the Yoast SEO plugin v22.6 - https:\/\/yoast.com\/wordpress\/plugins\/seo\/ -->\n<title>R\u00e9novations - SCIT<\/title>\n<meta name=\"robots\" content=\"index, follow, max-snippet:-1, max-image-preview:large, max-video-preview:-1\" \/>\n<link rel=\"canonical\" href=\"https:\/\/scitequipement.fr\/renovations\/\" \/>\n<meta property=\"og:locale\" content=\"fr_FR\" \/>\n<meta property=\"og:type\" content=\"article\" \/>\n<meta property=\"og:title\" content=\"R\u00e9novations - SCIT\" \/>\n<meta property=\"og:description\" content=\"R\u00e9novation - R\u00e9habilitation - Modernisation&quot;Moderniser, renouveler, des besoins qui s\u2019acc\u00e9l\u00e8rent&quot; *Habilitation \u00e9lectrique *Travail en hauteur *Collage sp\u00e9cifique *SS4 amiante *Soudure EN 15085 Gr\u00e2ce \u00e0 un management adapt\u00e9, SCIT EQUIPEMENT propose \u00e0 ses clients la r\u00e9novation du mat\u00e9riel roulant (r\u00e9fection, r\u00e9habilitation, r\u00e9novation, modernisation des voitures\u00a0 voyageurs, des termes multiples qui se pr\u00e9cisent selon les cahiers des [&hellip;]\" \/>\n<meta property=\"og:url\" content=\"https:\/\/scitequipement.fr\/renovations\/\" \/>\n<meta property=\"og:site_name\" content=\"SCIT\" \/>\n<meta property=\"article:modified_time\" content=\"2023-05-23T18:47:28+00:00\" \/>\n<meta name=\"twitter:card\" content=\"summary_large_image\" \/>\n<meta name=\"twitter:label1\" content=\"Dur\u00e9e de lecture estim\u00e9e\" \/>\n\t<meta name=\"twitter:data1\" content=\"6 minutes\" \/>\n<script type=\"application\/ld+json\" class=\"yoast-schema-graph\">{\"@context\":\"https:\/\/schema.org\",\"@graph\":[{\"@type\":\"WebPage\",\"@id\":\"https:\/\/scitequipement.fr\/renovations\/\",\"url\":\"https:\/\/scitequipement.fr\/renovations\/\",\"name\":\"R\u00e9novations - SCIT\",\"isPartOf\":{\"@id\":\"https:\/\/scitequipement.fr\/fr\/#website\"},\"datePublished\":\"2022-10-29T07:02:31+00:00\",\"dateModified\":\"2023-05-23T18:47:28+00:00\",\"breadcrumb\":{\"@id\":\"https:\/\/scitequipement.fr\/renovations\/#breadcrumb\"},\"inLanguage\":\"fr-FR\",\"potentialAction\":[{\"@type\":\"ReadAction\",\"target\":[\"https:\/\/scitequipement.fr\/renovations\/\"]}]},{\"@type\":\"BreadcrumbList\",\"@id\":\"https:\/\/scitequipement.fr\/renovations\/#breadcrumb\",\"itemListElement\":[{\"@type\":\"ListItem\",\"position\":1,\"name\":\"Accueil\",\"item\":\"https:\/\/scitequipement.fr\/fr\/\"},{\"@type\":\"ListItem\",\"position\":2,\"name\":\"R\u00e9novations\"}]},{\"@type\":\"WebSite\",\"@id\":\"https:\/\/scitequipement.fr\/fr\/#website\",\"url\":\"https:\/\/scitequipement.fr\/fr\/\",\"name\":\"SCIT\",\"description\":\"\u00c9quipements\",\"publisher\":{\"@id\":\"https:\/\/scitequipement.fr\/fr\/#organization\"},\"potentialAction\":[{\"@type\":\"SearchAction\",\"target\":{\"@type\":\"EntryPoint\",\"urlTemplate\":\"https:\/\/scitequipement.fr\/fr\/?s={search_term_string}\"},\"query-input\":\"required name=search_term_string\"}],\"inLanguage\":\"fr-FR\"},{\"@type\":\"Organization\",\"@id\":\"https:\/\/scitequipement.fr\/fr\/#organization\",\"name\":\"SCIT\",\"url\":\"https:\/\/scitequipement.fr\/fr\/\",\"logo\":{\"@type\":\"ImageObject\",\"inLanguage\":\"fr-FR\",\"@id\":\"https:\/\/scitequipement.fr\/fr\/#\/schema\/logo\/image\/\",\"url\":\"https:\/\/scitequipement.fr\/wp-content\/uploads\/2022\/10\/logo-scit.png\",\"contentUrl\":\"https:\/\/scitequipement.fr\/wp-content\/uploads\/2022\/10\/logo-scit.png\",\"width\":824,\"height\":156,\"caption\":\"SCIT\"},\"image\":{\"@id\":\"https:\/\/scitequipement.fr\/fr\/#\/schema\/logo\/image\/\"}}]}<\/script>\n<!-- \/ Yoast SEO plugin. -->","yoast_head_json":{"title":"R\u00e9novations - SCIT","robots":{"index":"index","follow":"follow","max-snippet":"max-snippet:-1","max-image-preview":"max-image-preview:large","max-video-preview":"max-video-preview:-1"},"canonical":"https:\/\/scitequipement.fr\/renovations\/","og_locale":"fr_FR","og_type":"article","og_title":"R\u00e9novations - SCIT","og_description":"R\u00e9novation - R\u00e9habilitation - Modernisation\"Moderniser, renouveler, des besoins qui s\u2019acc\u00e9l\u00e8rent\" *Habilitation \u00e9lectrique *Travail en hauteur *Collage sp\u00e9cifique *SS4 amiante *Soudure EN 15085 Gr\u00e2ce \u00e0 un management adapt\u00e9, SCIT EQUIPEMENT propose \u00e0 ses clients la r\u00e9novation du mat\u00e9riel roulant (r\u00e9fection, r\u00e9habilitation, r\u00e9novation, modernisation des voitures\u00a0 voyageurs, des termes multiples qui se pr\u00e9cisent selon les cahiers des [&hellip;]","og_url":"https:\/\/scitequipement.fr\/renovations\/","og_site_name":"SCIT","article_modified_time":"2023-05-23T18:47:28+00:00","twitter_card":"summary_large_image","twitter_misc":{"Dur\u00e9e de lecture estim\u00e9e":"6 minutes"},"schema":{"@context":"https:\/\/schema.org","@graph":[{"@type":"WebPage","@id":"https:\/\/scitequipement.fr\/renovations\/","url":"https:\/\/scitequipement.fr\/renovations\/","name":"R\u00e9novations - SCIT","isPartOf":{"@id":"https:\/\/scitequipement.fr\/fr\/#website"},"datePublished":"2022-10-29T07:02:31+00:00","dateModified":"2023-05-23T18:47:28+00:00","breadcrumb":{"@id":"https:\/\/scitequipement.fr\/renovations\/#breadcrumb"},"inLanguage":"fr-FR","potentialAction":[{"@type":"ReadAction","target":["https:\/\/scitequipement.fr\/renovations\/"]}]},{"@type":"BreadcrumbList","@id":"https:\/\/scitequipement.fr\/renovations\/#breadcrumb","itemListElement":[{"@type":"ListItem","position":1,"name":"Accueil","item":"https:\/\/scitequipement.fr\/fr\/"},{"@type":"ListItem","position":2,"name":"R\u00e9novations"}]},{"@type":"WebSite","@id":"https:\/\/scitequipement.fr\/fr\/#website","url":"https:\/\/scitequipement.fr\/fr\/","name":"SCIT","description":"\u00c9quipements","publisher":{"@id":"https:\/\/scitequipement.fr\/fr\/#organization"},"potentialAction":[{"@type":"SearchAction","target":{"@type":"EntryPoint","urlTemplate":"https:\/\/scitequipement.fr\/fr\/?s={search_term_string}"},"query-input":"required name=search_term_string"}],"inLanguage":"fr-FR"},{"@type":"Organization","@id":"https:\/\/scitequipement.fr\/fr\/#organization","name":"SCIT","url":"https:\/\/scitequipement.fr\/fr\/","logo":{"@type":"ImageObject","inLanguage":"fr-FR","@id":"https:\/\/scitequipement.fr\/fr\/#\/schema\/logo\/image\/","url":"https:\/\/scitequipement.fr\/wp-content\/uploads\/2022\/10\/logo-scit.png","contentUrl":"https:\/\/scitequipement.fr\/wp-content\/uploads\/2022\/10\/logo-scit.png","width":824,"height":156,"caption":"SCIT"},"image":{"@id":"https:\/\/scitequipement.fr\/fr\/#\/schema\/logo\/image\/"}}]}},"_links":{"self":[{"href":"https:\/\/scitequipement.fr\/wp-json\/wp\/v2\/pages\/81","targetHints":{"allow":["GET"]}}],"collection":[{"href":"https:\/\/scitequipement.fr\/wp-json\/wp\/v2\/pages"}],"about":[{"href":"https:\/\/scitequipement.fr\/wp-json\/wp\/v2\/types\/page"}],"author":[{"embeddable":true,"href":"https:\/\/scitequipement.fr\/wp-json\/wp\/v2\/users\/1"}],"replies":[{"embeddable":true,"href":"https:\/\/scitequipement.fr\/wp-json\/wp\/v2\/comments?post=81"}],"version-history":[{"count":26,"href":"https:\/\/scitequipement.fr\/wp-json\/wp\/v2\/pages\/81\/revisions"}],"predecessor-version":[{"id":439,"href":"https:\/\/scitequipement.fr\/wp-json\/wp\/v2\/pages\/81\/revisions\/439"}],"wp:attachment":[{"href":"https:\/\/scitequipement.fr\/wp-json\/wp\/v2\/media?parent=81"}],"curies":[{"name":"wp","href":"https:\/\/api.w.org\/{rel}","templated":true}]}}