{"id":269,"date":"2023-02-25T15:30:53","date_gmt":"2023-02-25T14:30:53","guid":{"rendered":"https:\/\/scitequipement.fr\/fr\/?page_id=269"},"modified":"2023-09-22T16:35:29","modified_gmt":"2023-09-22T14:35:29","slug":"breves","status":"publish","type":"page","link":"https:\/\/scitequipement.fr\/breves\/","title":{"rendered":"Br\u00e8ves"},"content":{"rendered":"<p>[et_pb_section fb_built=\u00a0\u00bb1&Prime; _builder_version=\u00a0\u00bb4.20.0&Prime; _module_preset=\u00a0\u00bbdefault\u00a0\u00bb custom_padding=\u00a0\u00bb0px||0px||false|false\u00a0\u00bb global_colors_info=\u00a0\u00bb{}\u00a0\u00bb][et_pb_row _builder_version=\u00a0\u00bb4.18.0&Prime; _module_preset=\u00a0\u00bbdefault\u00a0\u00bb global_colors_info=\u00a0\u00bb{}\u00a0\u00bb][et_pb_column type=\u00a0\u00bb4_4&Prime; _builder_version=\u00a0\u00bb4.18.0&Prime; _module_preset=\u00a0\u00bbdefault\u00a0\u00bb global_colors_info=\u00a0\u00bb{}\u00a0\u00bb][et_pb_divider show_divider=\u00a0\u00bboff\u00a0\u00bb module_class=\u00a0\u00bbligne-rond inverse\u00a0\u00bb _builder_version=\u00a0\u00bb4.18.1&Prime; _module_preset=\u00a0\u00bbdefault\u00a0\u00bb custom_padding=\u00a0\u00bb10px||||false|false\u00a0\u00bb locked=\u00a0\u00bboff\u00a0\u00bb global_colors_info=\u00a0\u00bb{}\u00a0\u00bb][\/et_pb_divider][et_pb_text _builder_version=\u00a0\u00bb4.20.4&Prime; _module_preset=\u00a0\u00bbdefault\u00a0\u00bb content_en_us=\u00a0\u00bb<\/p>\n<h1>BREAKING NEWS<\/h1>\n<p>\u00a0\u00bb global_colors_info=\u00a0\u00bb{}\u00a0\u00bb]<\/p>\n<h1>Br\u00e8ves<\/h1>\n<p>[\/et_pb_text][\/et_pb_column][\/et_pb_row][\/et_pb_section][et_pb_section fb_built=\u00a0\u00bb1&Prime; _builder_version=\u00a0\u00bb4.19.0&Prime; _module_preset=\u00a0\u00bbdefault\u00a0\u00bb background_color=\u00a0\u00bbRGBA(255,255,255,0)\u00a0\u00bb custom_margin=\u00a0\u00bb0px||||false|false\u00a0\u00bb custom_padding=\u00a0\u00bb0px||||false|false\u00a0\u00bb global_colors_info=\u00a0\u00bb{}\u00a0\u00bb][et_pb_row _builder_version=\u00a0\u00bb4.18.1&Prime; _module_preset=\u00a0\u00bbdefault\u00a0\u00bb global_colors_info=\u00a0\u00bb{}\u00a0\u00bb][et_pb_column type=\u00a0\u00bb4_4&Prime; _builder_version=\u00a0\u00bb4.18.1&Prime; _module_preset=\u00a0\u00bbdefault\u00a0\u00bb global_colors_info=\u00a0\u00bb{}\u00a0\u00bb][\/et_pb_column][\/et_pb_row][et_pb_row column_structure=\u00a0\u00bb3_5,2_5&Prime; make_equal=\u00a0\u00bbon\u00a0\u00bb _builder_version=\u00a0\u00bb4.18.1&Prime; _module_preset=\u00a0\u00bbdefault\u00a0\u00bb background_color=\u00a0\u00bb#ebeef3&Prime; custom_margin=\u00a0\u00bb||20px||false|false\u00a0\u00bb custom_padding=\u00a0\u00bb|20px||20px|false|true\u00a0\u00bb global_colors_info=\u00a0\u00bb{}\u00a0\u00bb][et_pb_column type=\u00a0\u00bb3_5&Prime; _builder_version=\u00a0\u00bb4.18.1&Prime; _module_preset=\u00a0\u00bbdefault\u00a0\u00bb global_colors_info=\u00a0\u00bb{}\u00a0\u00bb][et_pb_text _builder_version=\u00a0\u00bb4.22.1&Prime; _module_preset=\u00a0\u00bbdefault\u00a0\u00bb hover_enabled=\u00a0\u00bb0&Prime; global_colors_info=\u00a0\u00bb{}\u00a0\u00bb sticky_enabled=\u00a0\u00bb0&Prime;]<\/p>\n<p>Septembre 2023<\/p>\n<p>[\/et_pb_text][et_pb_text _builder_version=\u00a0\u00bb4.22.1&Prime; _module_preset=\u00a0\u00bbdefault\u00a0\u00bb background_color=\u00a0\u00bb#FFFFFF\u00a0\u00bb custom_padding=\u00a0\u00bb20px|20px|20px|20px|true|true\u00a0\u00bb hover_enabled=\u00a0\u00bb0&Prime; content_en_us=\u00a0\u00bb<\/p>\n<h3>LAMPS WITH DIFFERENT HOLDERS<\/h3>\n<p>SCIT Equipement, LED lighting specialist has designed and will produce the three types of lamps for the future %22TGV M%22 trainsets. They are available with different brackets depending on their location.<\/p>\n<p>\u00a0\u00bb global_colors_info=\u00a0\u00bb{}\u00a0\u00bb sticky_enabled=\u00a0\u00bb0&Prime;]<\/p>\n<h3>LAMPES AVEC SUPPORTS DIFF\u00c9RENTS<\/h3>\n<p>SCIT Equipement, sp\u00e9cialiste de l\u2019\u00e9clairage \u00e0 LED a con\u00e7u et assurera la production des trois types de lampes des futures rames \u00ab TGV M \u00bb \u2013 Elles se d\u00e9clinent avec des supports diff\u00e9rents en fonction de leur implantation.<\/p>\n<p>[\/et_pb_text][\/et_pb_column][et_pb_column type=\u00a0\u00bb2_5&Prime; _builder_version=\u00a0\u00bb4.18.1&Prime; _module_preset=\u00a0\u00bbdefault\u00a0\u00bb global_colors_info=\u00a0\u00bb{}\u00a0\u00bb][et_pb_image src=\u00a0\u00bbhttps:\/\/scitequipement.fr\/wp-content\/uploads\/2023\/09\/Image3.jpg\u00a0\u00bb title_text=\u00a0\u00bbImage3&Prime; _builder_version=\u00a0\u00bb4.22.1&Prime; _module_preset=\u00a0\u00bbdefault\u00a0\u00bb hover_enabled=\u00a0\u00bb0&Prime; global_colors_info=\u00a0\u00bb{}\u00a0\u00bb sticky_enabled=\u00a0\u00bb0&Prime;][\/et_pb_image][\/et_pb_column][\/et_pb_row][et_pb_row column_structure=\u00a0\u00bb3_5,2_5&Prime; make_equal=\u00a0\u00bbon\u00a0\u00bb _builder_version=\u00a0\u00bb4.18.1&Prime; _module_preset=\u00a0\u00bbdefault\u00a0\u00bb background_color=\u00a0\u00bb#ebeef3&Prime; custom_margin=\u00a0\u00bb||20px||false|false\u00a0\u00bb custom_padding=\u00a0\u00bb|20px||20px|false|true\u00a0\u00bb global_colors_info=\u00a0\u00bb{}\u00a0\u00bb][et_pb_column type=\u00a0\u00bb3_5&Prime; _builder_version=\u00a0\u00bb4.18.1&Prime; _module_preset=\u00a0\u00bbdefault\u00a0\u00bb global_colors_info=\u00a0\u00bb{}\u00a0\u00bb][et_pb_text _builder_version=\u00a0\u00bb4.22.1&Prime; _module_preset=\u00a0\u00bbdefault\u00a0\u00bb hover_enabled=\u00a0\u00bb0&Prime; global_colors_info=\u00a0\u00bb{}\u00a0\u00bb sticky_enabled=\u00a0\u00bb0&Prime;]<\/p>\n<p>Septembre 2023<\/p>\n<p>[\/et_pb_text][et_pb_text _builder_version=\u00a0\u00bb4.22.1&Prime; _module_preset=\u00a0\u00bbdefault\u00a0\u00bb background_color=\u00a0\u00bb#FFFFFF\u00a0\u00bb custom_padding=\u00a0\u00bb20px|20px|20px|20px|true|true\u00a0\u00bb hover_enabled=\u00a0\u00bb0&Prime; content_en_us=\u00a0\u00bb<\/p>\n<h3>BAR LAMP<\/h3>\n<p>SCIT Equipement, LED lighting specialist designed and produced this lamp. It will be installed in the bar cars of the %22TGV M%22 trainsets.<\/p>\n<p>\u00a0\u00bb global_colors_info=\u00a0\u00bb{}\u00a0\u00bb sticky_enabled=\u00a0\u00bb0&Prime;]<\/p>\n<h3>LAMPE BAR<\/h3>\n<p>SCIT Equipement, sp\u00e9cialiste de l\u2019\u00e9clairage \u00e0 LED a con\u00e7u et produit cette lampe, Elle \u00e9quipera les voitures bar des rames du \u00ab TGV M \u00bb<\/p>\n<p>[\/et_pb_text][\/et_pb_column][et_pb_column type=\u00a0\u00bb2_5&Prime; _builder_version=\u00a0\u00bb4.18.1&Prime; _module_preset=\u00a0\u00bbdefault\u00a0\u00bb global_colors_info=\u00a0\u00bb{}\u00a0\u00bb][et_pb_image src=\u00a0\u00bbhttps:\/\/scitequipement.fr\/wp-content\/uploads\/2023\/09\/Image2.jpg\u00a0\u00bb title_text=\u00a0\u00bbImage2&Prime; _builder_version=\u00a0\u00bb4.22.1&Prime; _module_preset=\u00a0\u00bbdefault\u00a0\u00bb hover_enabled=\u00a0\u00bb0&Prime; global_colors_info=\u00a0\u00bb{}\u00a0\u00bb sticky_enabled=\u00a0\u00bb0&Prime;][\/et_pb_image][\/et_pb_column][\/et_pb_row][et_pb_row column_structure=\u00a0\u00bb3_5,2_5&Prime; make_equal=\u00a0\u00bbon\u00a0\u00bb _builder_version=\u00a0\u00bb4.18.1&Prime; _module_preset=\u00a0\u00bbdefault\u00a0\u00bb background_color=\u00a0\u00bb#ebeef3&Prime; custom_margin=\u00a0\u00bb||20px||false|false\u00a0\u00bb custom_padding=\u00a0\u00bb|20px||20px|false|true\u00a0\u00bb global_colors_info=\u00a0\u00bb{}\u00a0\u00bb][et_pb_column type=\u00a0\u00bb3_5&Prime; _builder_version=\u00a0\u00bb4.18.1&Prime; _module_preset=\u00a0\u00bbdefault\u00a0\u00bb global_colors_info=\u00a0\u00bb{}\u00a0\u00bb][et_pb_text _builder_version=\u00a0\u00bb4.22.1&Prime; _module_preset=\u00a0\u00bbdefault\u00a0\u00bb hover_enabled=\u00a0\u00bb0&Prime; global_colors_info=\u00a0\u00bb{}\u00a0\u00bb sticky_enabled=\u00a0\u00bb0&Prime;]<\/p>\n<p>Septembre 2023<\/p>\n<p>[\/et_pb_text][et_pb_text _builder_version=\u00a0\u00bb4.22.1&Prime; _module_preset=\u00a0\u00bbdefault\u00a0\u00bb background_color=\u00a0\u00bb#FFFFFF\u00a0\u00bb custom_padding=\u00a0\u00bb20px|20px|20px|20px|true|true\u00a0\u00bb hover_enabled=\u00a0\u00bb0&Prime; content_en_us=\u00a0\u00bb<\/p>\n<h3>PASSENGER ROOM LAMP<\/h3>\n<p>SCIT Equipement, LED lighting specialist designed and produced this lamp. With its cylindrical foot, it will equip the passenger lounges of the %22TGV M%22 trainsets<\/p>\n<p>\u00a0\u00bb global_colors_info=\u00a0\u00bb{}\u00a0\u00bb sticky_enabled=\u00a0\u00bb0&Prime;]<\/p>\n<h3>LAMPE SALLE VOYAGEURS<\/h3>\n<p>SCIT Equipement, sp\u00e9cialiste de l\u2019\u00e9clairage \u00e0 LED a con\u00e7u et produit cette lampe, Avec son pied cylindrique elle \u00e9quipera les salles voyageurs des rames du \u00ab TGV M \u00bb<\/p>\n<p>[\/et_pb_text][\/et_pb_column][et_pb_column type=\u00a0\u00bb2_5&Prime; _builder_version=\u00a0\u00bb4.18.1&Prime; _module_preset=\u00a0\u00bbdefault\u00a0\u00bb global_colors_info=\u00a0\u00bb{}\u00a0\u00bb][et_pb_image src=\u00a0\u00bbhttps:\/\/scitequipement.fr\/wp-content\/uploads\/2023\/09\/Image1.jpg\u00a0\u00bb title_text=\u00a0\u00bbImage1&Prime; _builder_version=\u00a0\u00bb4.22.1&Prime; _module_preset=\u00a0\u00bbdefault\u00a0\u00bb hover_enabled=\u00a0\u00bb0&Prime; global_colors_info=\u00a0\u00bb{}\u00a0\u00bb sticky_enabled=\u00a0\u00bb0&Prime;][\/et_pb_image][\/et_pb_column][\/et_pb_row][et_pb_row column_structure=\u00a0\u00bb3_5,2_5&Prime; make_equal=\u00a0\u00bbon\u00a0\u00bb _builder_version=\u00a0\u00bb4.18.1&Prime; _module_preset=\u00a0\u00bbdefault\u00a0\u00bb background_color=\u00a0\u00bb#ebeef3&Prime; custom_margin=\u00a0\u00bb||20px||false|false\u00a0\u00bb custom_padding=\u00a0\u00bb|20px||20px|false|true\u00a0\u00bb global_colors_info=\u00a0\u00bb{}\u00a0\u00bb][et_pb_column type=\u00a0\u00bb3_5&Prime; _builder_version=\u00a0\u00bb4.18.1&Prime; _module_preset=\u00a0\u00bbdefault\u00a0\u00bb global_colors_info=\u00a0\u00bb{}\u00a0\u00bb][et_pb_text _builder_version=\u00a0\u00bb4.20.2&Prime; _module_preset=\u00a0\u00bbdefault\u00a0\u00bb global_colors_info=\u00a0\u00bb{}\u00a0\u00bb]<\/p>\n<p>F\u00e9vrier 2023<\/p>\n<p>[\/et_pb_text][et_pb_text _builder_version=\u00a0\u00bb4.20.0&Prime; _module_preset=\u00a0\u00bbdefault\u00a0\u00bb background_color=\u00a0\u00bb#FFFFFF\u00a0\u00bb custom_padding=\u00a0\u00bb20px|20px|20px|20px|true|true\u00a0\u00bb content_en_us=\u00a0\u00bb<\/p>\n<h3>LED READING LAMP FOR NIGHT TRIP TRAIN<\/h3>\n<p>This reading light offers a real comfort of use in sleeper trains. It is now available in individual size. It allows to connect your computer by diffusing a halo of light on the aera of the device receiving the plug. The device is very discreet not disturbing other passengers<\/p>\n<p>\u00a0\u00bb global_colors_info=\u00a0\u00bb{}\u00a0\u00bb]<\/p>\n<h3>LISEUSE A LED POUR TRAIN DE NUIT<\/h3>\n<p>Cette Liseuse offre un r\u00e9el confort d\u2019utilisation dans les trains couchette. Elle est maintenant individuelle. Elle permet de brancher votre ordinateur en diffusant un halo de lumi\u00e8re sur la circonf\u00e9rence du dispositif recevant la prise. Un appareil discret qui ne perturbe pas les autres passagers<\/p>\n<p>[\/et_pb_text][\/et_pb_column][et_pb_column type=\u00a0\u00bb2_5&Prime; _builder_version=\u00a0\u00bb4.18.1&Prime; _module_preset=\u00a0\u00bbdefault\u00a0\u00bb global_colors_info=\u00a0\u00bb{}\u00a0\u00bb][et_pb_image src=\u00a0\u00bbhttps:\/\/scitequipement.fr\/wp-content\/uploads\/2022\/10\/Compositing-01.00_00_08_17.Still005.png\u00a0\u00bb title_text=\u00a0\u00bbCompositing 01.00_00_08_17.Still005&Prime; _builder_version=\u00a0\u00bb4.18.1&Prime; _module_preset=\u00a0\u00bbdefault\u00a0\u00bb global_colors_info=\u00a0\u00bb{}\u00a0\u00bb][\/et_pb_image][\/et_pb_column][\/et_pb_row][et_pb_row column_structure=\u00a0\u00bb3_5,2_5&Prime; make_equal=\u00a0\u00bbon\u00a0\u00bb _builder_version=\u00a0\u00bb4.18.1&Prime; _module_preset=\u00a0\u00bbdefault\u00a0\u00bb background_color=\u00a0\u00bb#ebeef3&Prime; custom_padding=\u00a0\u00bb|20px||20px|false|true\u00a0\u00bb global_colors_info=\u00a0\u00bb{}\u00a0\u00bb][et_pb_column type=\u00a0\u00bb3_5&Prime; _builder_version=\u00a0\u00bb4.18.1&Prime; _module_preset=\u00a0\u00bbdefault\u00a0\u00bb global_colors_info=\u00a0\u00bb{}\u00a0\u00bb][et_pb_text _builder_version=\u00a0\u00bb4.20.2&Prime; _module_preset=\u00a0\u00bbdefault\u00a0\u00bb global_colors_info=\u00a0\u00bb{}\u00a0\u00bb]<\/p>\n<p>F\u00e9vrier 2023<\/p>\n<p>[\/et_pb_text][et_pb_text _builder_version=\u00a0\u00bb4.20.0&Prime; _module_preset=\u00a0\u00bbdefault\u00a0\u00bb background_color=\u00a0\u00bb#FFFFFF\u00a0\u00bb custom_padding=\u00a0\u00bb20px|20px|20px|20px|true|true\u00a0\u00bb content_en_us=\u00a0\u00bb<\/p>\n<h3>CORRIDOR CEILING LAMP<\/h3>\n<p>A corridor LED ceiling lamps diffusing a soft enveloping and effective light<\/p>\n<p>\u00a0\u00bb global_colors_info=\u00a0\u00bb{}\u00a0\u00bb]<\/p>\n<h3>ECLARAIGE COULOIR A LED<\/h3>\n<p>Un \u00e9clairage couloir diffus\u00e9 par un plafonnier qui \u00e9met une lumi\u00e8re douce et efficace.<\/p>\n<p>[\/et_pb_text][\/et_pb_column][et_pb_column type=\u00a0\u00bb2_5&Prime; _builder_version=\u00a0\u00bb4.18.1&Prime; _module_preset=\u00a0\u00bbdefault\u00a0\u00bb global_colors_info=\u00a0\u00bb{}\u00a0\u00bb][et_pb_image src=\u00a0\u00bbhttps:\/\/scitequipement.fr\/wp-content\/uploads\/2022\/10\/Compositing-02.00_00_00_19.Still003.png\u00a0\u00bb title_text=\u00a0\u00bbCompositing 02.00_00_00_19.Still003&Prime; _builder_version=\u00a0\u00bb4.18.1&Prime; _module_preset=\u00a0\u00bbdefault\u00a0\u00bb global_colors_info=\u00a0\u00bb{}\u00a0\u00bb][\/et_pb_image][\/et_pb_column][\/et_pb_row][\/et_pb_section][et_pb_section fb_built=\u00a0\u00bb1&Prime; _builder_version=\u00a0\u00bb4.20.2&Prime; _module_preset=\u00a0\u00bbdefault\u00a0\u00bb custom_padding=\u00a0\u00bb0px||0px||true|false\u00a0\u00bb global_colors_info=\u00a0\u00bb{}\u00a0\u00bb][et_pb_row _builder_version=\u00a0\u00bb4.20.0&Prime; _module_preset=\u00a0\u00bbdefault\u00a0\u00bb custom_margin=\u00a0\u00bb0px||0px||true|false\u00a0\u00bb custom_padding=\u00a0\u00bb0px||0px||true|false\u00a0\u00bb global_module=\u00a0\u00bb323&Prime; saved_tabs=\u00a0\u00bball\u00a0\u00bb global_colors_info=\u00a0\u00bb{}\u00a0\u00bb][et_pb_column type=\u00a0\u00bb4_4&Prime; _builder_version=\u00a0\u00bb4.20.0&Prime; _module_preset=\u00a0\u00bbdefault\u00a0\u00bb global_colors_info=\u00a0\u00bb{}\u00a0\u00bb][ba_logo_carousel slide_count=\u00a0\u00bb5&Prime; logo_height=\u00a0\u00bb150px\u00a0\u00bb logo_width=\u00a0\u00bb150px\u00a0\u00bb logo_hover=\u00a0\u00bbfade\u00a0\u00bb _builder_version=\u00a0\u00bb4.21.0&Prime; _module_preset=\u00a0\u00bbdefault\u00a0\u00bb global_colors_info=\u00a0\u00bb{}\u00a0\u00bb][ba_logo_carousel_child logo=\u00a0\u00bbhttps:\/\/scitequipement.fr\/wp-content\/uploads\/2022\/10\/logo-alstom.png\u00a0\u00bb brand_name=\u00a0\u00bbalstom\u00a0\u00bb _builder_version=\u00a0\u00bb4.20.0&Prime; _module_preset=\u00a0\u00bbdefault\u00a0\u00bb global_colors_info=\u00a0\u00bb{}\u00a0\u00bb][\/ba_logo_carousel_child][ba_logo_carousel_child admin_title=\u00a0\u00bbBombardier\u00a0\u00bb logo=\u00a0\u00bbhttps:\/\/scitequipement.fr\/wp-content\/uploads\/2022\/10\/bombardier-transportation.svg\u00a0\u00bb _builder_version=\u00a0\u00bb4.20.4&Prime; _module_preset=\u00a0\u00bbdefault\u00a0\u00bb global_colors_info=\u00a0\u00bb{}\u00a0\u00bb][\/ba_logo_carousel_child][ba_logo_carousel_child logo=\u00a0\u00bbhttps:\/\/scitequipement.fr\/wp-content\/uploads\/2023\/02\/keolis-index.png\u00a0\u00bb brand_name=\u00a0\u00bbkeolis\u00a0\u00bb _builder_version=\u00a0\u00bb4.20.0&Prime; _module_preset=\u00a0\u00bbdefault\u00a0\u00bb global_colors_info=\u00a0\u00bb{}\u00a0\u00bb][\/ba_logo_carousel_child][ba_logo_carousel_child logo=\u00a0\u00bbhttps:\/\/scitequipement.fr\/wp-content\/uploads\/2023\/03\/logo-caf.png\u00a0\u00bb brand_name=\u00a0\u00bbcaf\u00a0\u00bb _builder_version=\u00a0\u00bb4.20.1&Prime; _module_preset=\u00a0\u00bbdefault\u00a0\u00bb global_colors_info=\u00a0\u00bb{}\u00a0\u00bb][\/ba_logo_carousel_child][ba_logo_carousel_child logo=\u00a0\u00bbhttps:\/\/scitequipement.fr\/wp-content\/uploads\/2023\/03\/logo-cts.png\u00a0\u00bb brand_name=\u00a0\u00bbcts\u00a0\u00bb _builder_version=\u00a0\u00bb4.20.1&Prime; _module_preset=\u00a0\u00bbdefault\u00a0\u00bb global_colors_info=\u00a0\u00bb{}\u00a0\u00bb][\/ba_logo_carousel_child][ba_logo_carousel_child logo=\u00a0\u00bbhttps:\/\/scitequipement.fr\/wp-content\/uploads\/2022\/11\/Logo-SYTRAL.jpg\u00a0\u00bb brand_name=\u00a0\u00bbsytral\u00a0\u00bb _builder_version=\u00a0\u00bb4.20.0&Prime; _module_preset=\u00a0\u00bbdefault\u00a0\u00bb global_colors_info=\u00a0\u00bb{}\u00a0\u00bb][\/ba_logo_carousel_child][ba_logo_carousel_child logo=\u00a0\u00bbhttps:\/\/scitequipement.fr\/wp-content\/uploads\/2023\/02\/oncf-index.png\u00a0\u00bb brand_name=\u00a0\u00bboncf\u00a0\u00bb _builder_version=\u00a0\u00bb4.20.0&Prime; _module_preset=\u00a0\u00bbdefault\u00a0\u00bb global_colors_info=\u00a0\u00bb{}\u00a0\u00bb][\/ba_logo_carousel_child][ba_logo_carousel_child logo=\u00a0\u00bbhttps:\/\/scitequipement.fr\/wp-content\/uploads\/2023\/03\/7457c5a1129a0451cafd2c8156e91b3fcfa4cd16.png\u00a0\u00bb brand_name=\u00a0\u00bbratp\u00a0\u00bb _builder_version=\u00a0\u00bb4.20.2&Prime; _module_preset=\u00a0\u00bbdefault\u00a0\u00bb global_colors_info=\u00a0\u00bb{}\u00a0\u00bb][\/ba_logo_carousel_child][ba_logo_carousel_child logo=\u00a0\u00bbhttps:\/\/scitequipement.fr\/wp-content\/uploads\/2023\/02\/sncb.png\u00a0\u00bb brand_name=\u00a0\u00bbsncb\u00a0\u00bb _builder_version=\u00a0\u00bb4.20.0&Prime; _module_preset=\u00a0\u00bbdefault\u00a0\u00bb global_colors_info=\u00a0\u00bb{}\u00a0\u00bb][\/ba_logo_carousel_child][ba_logo_carousel_child logo=\u00a0\u00bbhttps:\/\/scitequipement.fr\/wp-content\/uploads\/2023\/03\/logo-sncf.png\u00a0\u00bb brand_name=\u00a0\u00bbsncf\u00a0\u00bb _builder_version=\u00a0\u00bb4.20.1&Prime; _module_preset=\u00a0\u00bbdefault\u00a0\u00bb global_colors_info=\u00a0\u00bb{}\u00a0\u00bb][\/ba_logo_carousel_child][ba_logo_carousel_child logo=\u00a0\u00bbhttps:\/\/scitequipement.fr\/wp-content\/uploads\/2023\/03\/eurostar.png\u00a0\u00bb brand_name=\u00a0\u00bbEurostar\u00a0\u00bb _builder_version=\u00a0\u00bb4.20.1&Prime; _module_preset=\u00a0\u00bbdefault\u00a0\u00bb global_colors_info=\u00a0\u00bb{}\u00a0\u00bb][\/ba_logo_carousel_child][\/ba_logo_carousel][\/et_pb_column][\/et_pb_row][\/et_pb_section][et_pb_section fb_built=\u00a0\u00bb1&Prime; _builder_version=\u00a0\u00bb4.20.0&Prime; _module_preset=\u00a0\u00bbdefault\u00a0\u00bb background_color=\u00a0\u00bbRGBA(255,255,255,0)\u00a0\u00bb custom_padding=\u00a0\u00bb0px||0px||true|false\u00a0\u00bb global_module=\u00a0\u00bb61&Prime; saved_tabs=\u00a0\u00bball\u00a0\u00bb global_colors_info=\u00a0\u00bb{}\u00a0\u00bb][et_pb_row _builder_version=\u00a0\u00bb4.18.0&Prime; _module_preset=\u00a0\u00bbdefault\u00a0\u00bb global_colors_info=\u00a0\u00bb{}\u00a0\u00bb][et_pb_column type=\u00a0\u00bb4_4&Prime; _builder_version=\u00a0\u00bb4.18.0&Prime; _module_preset=\u00a0\u00bbdefault\u00a0\u00bb global_colors_info=\u00a0\u00bb{}\u00a0\u00bb][et_pb_divider color=\u00a0\u00bb#bfcadb\u00a0\u00bb divider_weight=\u00a0\u00bb3px\u00a0\u00bb _builder_version=\u00a0\u00bb4.18.0&Prime; _module_preset=\u00a0\u00bbdefault\u00a0\u00bb global_colors_info=\u00a0\u00bb{}\u00a0\u00bb][\/et_pb_divider][et_pb_button button_url=\u00a0\u00bb@ET-DC@eyJkeW5hbWljIjp0cnVlLCJjb250ZW50IjoicG9zdF9saW5rX3VybF9wYWdlIiwic2V0dGluZ3MiOnsicG9zdF9pZCI6IjM1MyJ9fQ==@\u00a0\u00bb button_text=\u00a0\u00bbPrendre contact\u00a0\u00bb button_alignment=\u00a0\u00bbcenter\u00a0\u00bb _builder_version=\u00a0\u00bb4.20.0&Prime; _dynamic_attributes=\u00a0\u00bbbutton_url\u00a0\u00bb _module_preset=\u00a0\u00bbdefault\u00a0\u00bb button_text_en_us=\u00a0\u00bbContact us\u00a0\u00bb global_colors_info=\u00a0\u00bb{}\u00a0\u00bb][\/et_pb_button][\/et_pb_column][\/et_pb_row][\/et_pb_section]<\/p>\n","protected":false},"excerpt":{"rendered":"<p>Br\u00e8vesSeptembre 2023LAMPES AVEC SUPPORTS DIFF\u00c9RENTS SCIT Equipement, sp\u00e9cialiste de l\u2019\u00e9clairage \u00e0 LED a con\u00e7u et assurera la production des trois types de lampes des futures rames \u00ab TGV M \u00bb \u2013 Elles se d\u00e9clinent avec des supports diff\u00e9rents en fonction de leur implantation.Septembre 2023LAMPE BAR SCIT Equipement, sp\u00e9cialiste de l\u2019\u00e9clairage \u00e0 LED a con\u00e7u et [&hellip;]<\/p>\n","protected":false},"author":1,"featured_media":0,"parent":0,"menu_order":0,"comment_status":"closed","ping_status":"closed","template":"","meta":{"_et_pb_use_builder":"on","_et_pb_old_content":"","_et_gb_content_width":"","footnotes":""},"class_list":["post-269","page","type-page","status-publish","hentry"],"yoast_head":"<!-- This site is optimized with the Yoast SEO plugin v22.6 - https:\/\/yoast.com\/wordpress\/plugins\/seo\/ -->\n<title>Br\u00e8ves - SCIT<\/title>\n<meta name=\"robots\" content=\"index, follow, max-snippet:-1, max-image-preview:large, max-video-preview:-1\" \/>\n<link rel=\"canonical\" href=\"https:\/\/scitequipement.fr\/breves\/\" \/>\n<meta property=\"og:locale\" content=\"fr_FR\" \/>\n<meta property=\"og:type\" content=\"article\" \/>\n<meta property=\"og:title\" content=\"Br\u00e8ves - SCIT\" \/>\n<meta property=\"og:description\" content=\"Br\u00e8vesSeptembre 2023LAMPES AVEC SUPPORTS DIFF\u00c9RENTS SCIT Equipement, sp\u00e9cialiste de l\u2019\u00e9clairage \u00e0 LED a con\u00e7u et assurera la production des trois types de lampes des futures rames \u00ab TGV M \u00bb \u2013 Elles se d\u00e9clinent avec des supports diff\u00e9rents en fonction de leur implantation.Septembre 2023LAMPE BAR SCIT Equipement, sp\u00e9cialiste de l\u2019\u00e9clairage \u00e0 LED a con\u00e7u et [&hellip;]\" \/>\n<meta property=\"og:url\" content=\"https:\/\/scitequipement.fr\/breves\/\" \/>\n<meta property=\"og:site_name\" content=\"SCIT\" \/>\n<meta property=\"article:modified_time\" content=\"2023-09-22T14:35:29+00:00\" \/>\n<meta name=\"twitter:card\" content=\"summary_large_image\" \/>\n<meta name=\"twitter:label1\" content=\"Dur\u00e9e de lecture estim\u00e9e\" \/>\n\t<meta name=\"twitter:data1\" content=\"9 minutes\" \/>\n<script type=\"application\/ld+json\" class=\"yoast-schema-graph\">{\"@context\":\"https:\/\/schema.org\",\"@graph\":[{\"@type\":\"WebPage\",\"@id\":\"https:\/\/scitequipement.fr\/breves\/\",\"url\":\"https:\/\/scitequipement.fr\/breves\/\",\"name\":\"Br\u00e8ves - SCIT\",\"isPartOf\":{\"@id\":\"https:\/\/scitequipement.fr\/fr\/#website\"},\"datePublished\":\"2023-02-25T14:30:53+00:00\",\"dateModified\":\"2023-09-22T14:35:29+00:00\",\"breadcrumb\":{\"@id\":\"https:\/\/scitequipement.fr\/breves\/#breadcrumb\"},\"inLanguage\":\"fr-FR\",\"potentialAction\":[{\"@type\":\"ReadAction\",\"target\":[\"https:\/\/scitequipement.fr\/breves\/\"]}]},{\"@type\":\"BreadcrumbList\",\"@id\":\"https:\/\/scitequipement.fr\/breves\/#breadcrumb\",\"itemListElement\":[{\"@type\":\"ListItem\",\"position\":1,\"name\":\"Accueil\",\"item\":\"https:\/\/scitequipement.fr\/fr\/\"},{\"@type\":\"ListItem\",\"position\":2,\"name\":\"Br\u00e8ves\"}]},{\"@type\":\"WebSite\",\"@id\":\"https:\/\/scitequipement.fr\/fr\/#website\",\"url\":\"https:\/\/scitequipement.fr\/fr\/\",\"name\":\"SCIT\",\"description\":\"\u00c9quipements\",\"publisher\":{\"@id\":\"https:\/\/scitequipement.fr\/fr\/#organization\"},\"potentialAction\":[{\"@type\":\"SearchAction\",\"target\":{\"@type\":\"EntryPoint\",\"urlTemplate\":\"https:\/\/scitequipement.fr\/fr\/?s={search_term_string}\"},\"query-input\":\"required name=search_term_string\"}],\"inLanguage\":\"fr-FR\"},{\"@type\":\"Organization\",\"@id\":\"https:\/\/scitequipement.fr\/fr\/#organization\",\"name\":\"SCIT\",\"url\":\"https:\/\/scitequipement.fr\/fr\/\",\"logo\":{\"@type\":\"ImageObject\",\"inLanguage\":\"fr-FR\",\"@id\":\"https:\/\/scitequipement.fr\/fr\/#\/schema\/logo\/image\/\",\"url\":\"https:\/\/scitequipement.fr\/wp-content\/uploads\/2022\/10\/logo-scit.png\",\"contentUrl\":\"https:\/\/scitequipement.fr\/wp-content\/uploads\/2022\/10\/logo-scit.png\",\"width\":824,\"height\":156,\"caption\":\"SCIT\"},\"image\":{\"@id\":\"https:\/\/scitequipement.fr\/fr\/#\/schema\/logo\/image\/\"}}]}<\/script>\n<!-- \/ Yoast SEO plugin. -->","yoast_head_json":{"title":"Br\u00e8ves - SCIT","robots":{"index":"index","follow":"follow","max-snippet":"max-snippet:-1","max-image-preview":"max-image-preview:large","max-video-preview":"max-video-preview:-1"},"canonical":"https:\/\/scitequipement.fr\/breves\/","og_locale":"fr_FR","og_type":"article","og_title":"Br\u00e8ves - SCIT","og_description":"Br\u00e8vesSeptembre 2023LAMPES AVEC SUPPORTS DIFF\u00c9RENTS SCIT Equipement, sp\u00e9cialiste de l\u2019\u00e9clairage \u00e0 LED a con\u00e7u et assurera la production des trois types de lampes des futures rames \u00ab TGV M \u00bb \u2013 Elles se d\u00e9clinent avec des supports diff\u00e9rents en fonction de leur implantation.Septembre 2023LAMPE BAR SCIT Equipement, sp\u00e9cialiste de l\u2019\u00e9clairage \u00e0 LED a con\u00e7u et [&hellip;]","og_url":"https:\/\/scitequipement.fr\/breves\/","og_site_name":"SCIT","article_modified_time":"2023-09-22T14:35:29+00:00","twitter_card":"summary_large_image","twitter_misc":{"Dur\u00e9e de lecture estim\u00e9e":"9 minutes"},"schema":{"@context":"https:\/\/schema.org","@graph":[{"@type":"WebPage","@id":"https:\/\/scitequipement.fr\/breves\/","url":"https:\/\/scitequipement.fr\/breves\/","name":"Br\u00e8ves - SCIT","isPartOf":{"@id":"https:\/\/scitequipement.fr\/fr\/#website"},"datePublished":"2023-02-25T14:30:53+00:00","dateModified":"2023-09-22T14:35:29+00:00","breadcrumb":{"@id":"https:\/\/scitequipement.fr\/breves\/#breadcrumb"},"inLanguage":"fr-FR","potentialAction":[{"@type":"ReadAction","target":["https:\/\/scitequipement.fr\/breves\/"]}]},{"@type":"BreadcrumbList","@id":"https:\/\/scitequipement.fr\/breves\/#breadcrumb","itemListElement":[{"@type":"ListItem","position":1,"name":"Accueil","item":"https:\/\/scitequipement.fr\/fr\/"},{"@type":"ListItem","position":2,"name":"Br\u00e8ves"}]},{"@type":"WebSite","@id":"https:\/\/scitequipement.fr\/fr\/#website","url":"https:\/\/scitequipement.fr\/fr\/","name":"SCIT","description":"\u00c9quipements","publisher":{"@id":"https:\/\/scitequipement.fr\/fr\/#organization"},"potentialAction":[{"@type":"SearchAction","target":{"@type":"EntryPoint","urlTemplate":"https:\/\/scitequipement.fr\/fr\/?s={search_term_string}"},"query-input":"required name=search_term_string"}],"inLanguage":"fr-FR"},{"@type":"Organization","@id":"https:\/\/scitequipement.fr\/fr\/#organization","name":"SCIT","url":"https:\/\/scitequipement.fr\/fr\/","logo":{"@type":"ImageObject","inLanguage":"fr-FR","@id":"https:\/\/scitequipement.fr\/fr\/#\/schema\/logo\/image\/","url":"https:\/\/scitequipement.fr\/wp-content\/uploads\/2022\/10\/logo-scit.png","contentUrl":"https:\/\/scitequipement.fr\/wp-content\/uploads\/2022\/10\/logo-scit.png","width":824,"height":156,"caption":"SCIT"},"image":{"@id":"https:\/\/scitequipement.fr\/fr\/#\/schema\/logo\/image\/"}}]}},"_links":{"self":[{"href":"https:\/\/scitequipement.fr\/wp-json\/wp\/v2\/pages\/269","targetHints":{"allow":["GET"]}}],"collection":[{"href":"https:\/\/scitequipement.fr\/wp-json\/wp\/v2\/pages"}],"about":[{"href":"https:\/\/scitequipement.fr\/wp-json\/wp\/v2\/types\/page"}],"author":[{"embeddable":true,"href":"https:\/\/scitequipement.fr\/wp-json\/wp\/v2\/users\/1"}],"replies":[{"embeddable":true,"href":"https:\/\/scitequipement.fr\/wp-json\/wp\/v2\/comments?post=269"}],"version-history":[{"count":5,"href":"https:\/\/scitequipement.fr\/wp-json\/wp\/v2\/pages\/269\/revisions"}],"predecessor-version":[{"id":459,"href":"https:\/\/scitequipement.fr\/wp-json\/wp\/v2\/pages\/269\/revisions\/459"}],"wp:attachment":[{"href":"https:\/\/scitequipement.fr\/wp-json\/wp\/v2\/media?parent=269"}],"curies":[{"name":"wp","href":"https:\/\/api.w.org\/{rel}","templated":true}]}}