{"id":104,"date":"2022-10-29T09:27:46","date_gmt":"2022-10-29T07:27:46","guid":{"rendered":"https:\/\/scitequipement.fr\/?page_id=104"},"modified":"2023-05-23T20:48:40","modified_gmt":"2023-05-23T18:48:40","slug":"pieces-de-rechange","status":"publish","type":"page","link":"https:\/\/scitequipement.fr\/pieces-de-rechange\/","title":{"rendered":"Pi\u00e8ces de rechange"},"content":{"rendered":"<p>[et_pb_section fb_built=\u00a0\u00bb1&Prime; module_class=\u00a0\u00bbtop-section\u00a0\u00bb _builder_version=\u00a0\u00bb4.18.1&Prime; _module_preset=\u00a0\u00bbdefault\u00a0\u00bb custom_padding=\u00a0\u00bb0px||0px||false|false\u00a0\u00bb global_colors_info=\u00a0\u00bb{}\u00a0\u00bb][et_pb_row _builder_version=\u00a0\u00bb4.18.0&Prime; _module_preset=\u00a0\u00bbdefault\u00a0\u00bb global_colors_info=\u00a0\u00bb{}\u00a0\u00bb][et_pb_column type=\u00a0\u00bb4_4&Prime; _builder_version=\u00a0\u00bb4.18.0&Prime; _module_preset=\u00a0\u00bbdefault\u00a0\u00bb global_colors_info=\u00a0\u00bb{}\u00a0\u00bb][et_pb_divider show_divider=\u00a0\u00bboff\u00a0\u00bb module_class=\u00a0\u00bbligne-rond inverse\u00a0\u00bb _builder_version=\u00a0\u00bb4.18.1&Prime; _module_preset=\u00a0\u00bbdefault\u00a0\u00bb custom_padding=\u00a0\u00bb10px||||false|false\u00a0\u00bb locked=\u00a0\u00bboff\u00a0\u00bb global_colors_info=\u00a0\u00bb{}\u00a0\u00bb][\/et_pb_divider][et_pb_text _builder_version=\u00a0\u00bb4.19.0&Prime; _module_preset=\u00a0\u00bbdefault\u00a0\u00bb content_en_us=\u00a0\u00bb<\/p>\n<h1>SPARE PARTS <\/h1>\n<p>\u00a0\u00bb global_colors_info=\u00a0\u00bb{}\u00a0\u00bb]<\/p>\n<h1>Pi\u00e8ces de rechange\u00a0<\/h1>\n<p>[\/et_pb_text][\/et_pb_column][\/et_pb_row][et_pb_row column_structure=\u00a0\u00bb1_2,1_2&Prime; _builder_version=\u00a0\u00bb4.19.0&Prime; _module_preset=\u00a0\u00bbdefault\u00a0\u00bb custom_padding=\u00a0\u00bb0px||||false|false\u00a0\u00bb global_colors_info=\u00a0\u00bb{}\u00a0\u00bb][et_pb_column type=\u00a0\u00bb1_2&Prime; _builder_version=\u00a0\u00bb4.18.0&Prime; _module_preset=\u00a0\u00bbdefault\u00a0\u00bb global_colors_info=\u00a0\u00bb{}\u00a0\u00bb][et_pb_text _builder_version=\u00a0\u00bb4.20.4&Prime; _module_preset=\u00a0\u00bbdefault\u00a0\u00bb text_font_size=\u00a0\u00bb18px\u00a0\u00bb text_line_height=\u00a0\u00bb1.2em\u00a0\u00bb content_en_us=\u00a0\u00bb<\/p>\n<p>%22Fostering cooperative environment to meet challenges%22<\/p>\n<p>\u00a0\u00bb global_colors_info=\u00a0\u00bb{}\u00a0\u00bb]<\/p>\n<p>\u00ab\u00a0Favoriser un environnement coop\u00e9ratif afin de relever les d\u00e9fis.\u00a0\u00bb<\/p>\n<p>[\/et_pb_text][\/et_pb_column][et_pb_column type=\u00a0\u00bb1_2&Prime; _builder_version=\u00a0\u00bb4.18.0&Prime; _module_preset=\u00a0\u00bbdefault\u00a0\u00bb global_colors_info=\u00a0\u00bb{}\u00a0\u00bb][et_pb_video src=\u00a0\u00bbhttps:\/\/player.vimeo.com\/video\/816585809?h=8757bccfc9&Prime; image_src=\u00a0\u00bbhttps:\/\/scitequipement.fr\/wp-content\/uploads\/2022\/11\/Pieces-de-rechange.00_00_01_01.Still004-1.png\u00a0\u00bb play_icon_color=\u00a0\u00bbRGBA(255,255,255,0)\u00a0\u00bb thumbnail_overlay_color=\u00a0\u00bbRGBA(255,255,255,0)\u00a0\u00bb module_class=\u00a0\u00bbvideo-fr\u00a0\u00bb _builder_version=\u00a0\u00bb4.20.4&Prime; _module_preset=\u00a0\u00bbdefault\u00a0\u00bb width=\u00a0\u00bb90%\u00a0\u00bb global_colors_info=\u00a0\u00bb{}\u00a0\u00bb][\/et_pb_video][et_pb_video src=\u00a0\u00bbhttps:\/\/player.vimeo.com\/video\/814915147?h=b51d417452&Prime; image_src=\u00a0\u00bbhttps:\/\/scitequipement.fr\/wp-content\/uploads\/2022\/11\/Pieces-de-rechange.00_00_01_01.Still004-1.png\u00a0\u00bb play_icon_color=\u00a0\u00bbRGBA(255,255,255,0)\u00a0\u00bb thumbnail_overlay_color=\u00a0\u00bbRGBA(255,255,255,0)\u00a0\u00bb module_class=\u00a0\u00bbvideo-en\u00a0\u00bb _builder_version=\u00a0\u00bb4.20.4&Prime; _module_preset=\u00a0\u00bbdefault\u00a0\u00bb width=\u00a0\u00bb90%\u00a0\u00bb global_colors_info=\u00a0\u00bb{}\u00a0\u00bb][\/et_pb_video][\/et_pb_column][\/et_pb_row][et_pb_row column_structure=\u00a0\u00bb1_3,2_3&Prime; _builder_version=\u00a0\u00bb4.18.0&Prime; _module_preset=\u00a0\u00bbdefault\u00a0\u00bb global_colors_info=\u00a0\u00bb{}\u00a0\u00bb][et_pb_column type=\u00a0\u00bb1_3&Prime; _builder_version=\u00a0\u00bb4.18.0&Prime; _module_preset=\u00a0\u00bbdefault\u00a0\u00bb global_colors_info=\u00a0\u00bb{}\u00a0\u00bb][et_pb_image src=\u00a0\u00bbhttps:\/\/scitequipement.fr\/wp-content\/uploads\/2023\/03\/pieces-de-rechange-02.00_00_02_16.Still005-1-1.png\u00a0\u00bb title_text=\u00a0\u00bbpieces-de-rechange-02.00_00_02_16.Still005 (1) (1)\u00a0\u00bb _builder_version=\u00a0\u00bb4.20.0&Prime; _module_preset=\u00a0\u00bbdefault\u00a0\u00bb custom_margin=\u00a0\u00bb-50px||||false|false\u00a0\u00bb global_colors_info=\u00a0\u00bb{}\u00a0\u00bb][\/et_pb_image][\/et_pb_column][et_pb_column type=\u00a0\u00bb2_3&Prime; _builder_version=\u00a0\u00bb4.18.0&Prime; _module_preset=\u00a0\u00bbdefault\u00a0\u00bb global_colors_info=\u00a0\u00bb{}\u00a0\u00bb][et_pb_text module_class=\u00a0\u00bbcarre-rouge\u00a0\u00bb _builder_version=\u00a0\u00bb4.20.4&Prime; _module_preset=\u00a0\u00bbdefault\u00a0\u00bb content_en_us=\u00a0\u00bb<\/p>\n<p>SCIT supplies spare parts and others more %22custom%22 to replace defective, degraded, or obsolete parts meeting customer\u2019s schedule.<br \/>The management that is divided within our organization between (planning, synchronization and delay)<br \/>requires tasks and functions that our buyers know well.<br \/>The supply of standard, custom and safety spare parts for the servicing or maintenance of passenger cars requires good management provided by our supply chain and logistics.<br \/>The purchasing department works closely with our suppliers to guarantee deadlines, quality and costs.<br \/>Spare parts or safety components:<\/p>\n<ul>\n<li>Sanitary parts, Mechanically welded parts (according to EN 15085), Electromechanical, electrical, and polyester products, Cabin upholstery, ceiling hatch, voussoir, adjustable reading light, lampshade lighting fixture sign age, advertising panel and display, blind, etc.<\/li>\n<\/ul>\n<p>\u00a0\u00bb global_colors_info=\u00a0\u00bb{}\u00a0\u00bb]<\/p>\n<p>SCIT Equipement fournit des pi\u00e8ces de rechange et d\u2019autres plus \u00ab sp\u00e9cifiques \u00bb pour remplacer des organes d\u00e9fectueux, d\u00e9grad\u00e9s, obsol\u00e8tes, en lieu et place dans les d\u00e9lais du client.<br \/>Une gestion qui se partage entre organisation, planification, synchronisation et exigence. Des t\u00e2ches et des fonctions que les acheteurs connaissent bien.<br \/>La fourniture de pi\u00e8ces de rechange ordinaires, sp\u00e9cifiques ou s\u00e9curitaires, destin\u00e9e \u00e0 l\u2019entretien ou \u00e0 la maintenance des voitures voyageurs, n\u00e9cessite une bonne gestion de notre chaine d\u2019approvisionnement et logistique.<br \/>Les pi\u00e8ces de rechange ou organes de s\u00e9curit\u00e9 se d\u00e9clinent comme suit :<\/p>\n<ul>\n<li>Pi\u00e8ces m\u00e9caniques usin\u00e9es, extrud\u00e9es, m\u00e9cano-soud\u00e9es (suivant norme<br \/>EN 15085), t\u00f4lerie fine, usinage de profil aluminium avec finition peinture<br \/>ou oxydation anodique, \u00e9lectrom\u00e9caniques, \u00e9lectriques et en polyester, garnissage de cabine, trappe de plafond, voussoir, liseuse orientable, abat-jour, \u00e9clairage, cadre publicitaire, store, c\u00e2blage luminaire, porte bagages, voussoirs&#8230;.<\/li>\n<\/ul>\n<p>Le service des achats travaille en \u00e9troite collaboration avec nos fournisseurs afin de garantir les d\u00e9lais, la qualit\u00e9 et les co\u00fbts.<\/p>\n<p>[\/et_pb_text][\/et_pb_column][\/et_pb_row][\/et_pb_section][et_pb_section fb_built=\u00a0\u00bb1&Prime; _builder_version=\u00a0\u00bb4.19.0&Prime; _module_preset=\u00a0\u00bbdefault\u00a0\u00bb background_color=\u00a0\u00bbRGBA(255,255,255,0)\u00a0\u00bb custom_padding=\u00a0\u00bb0px||0px||false|false\u00a0\u00bb global_colors_info=\u00a0\u00bb{}\u00a0\u00bb][et_pb_row _builder_version=\u00a0\u00bb4.18.1&Prime; _module_preset=\u00a0\u00bbdefault\u00a0\u00bb global_colors_info=\u00a0\u00bb{}\u00a0\u00bb][et_pb_column type=\u00a0\u00bb4_4&Prime; _builder_version=\u00a0\u00bb4.18.1&Prime; _module_preset=\u00a0\u00bbdefault\u00a0\u00bb global_colors_info=\u00a0\u00bb{}\u00a0\u00bb][et_pb_text _builder_version=\u00a0\u00bb4.19.4&Prime; _module_preset=\u00a0\u00bbdefault\u00a0\u00bb content_en_us=\u00a0\u00bb<\/p>\n<h2>In photos<\/h2>\n<p>\u00a0\u00bb global_colors_info=\u00a0\u00bb{}\u00a0\u00bb]<\/p>\n<h2>En images<\/h2>\n<p>[\/et_pb_text][\/et_pb_column][\/et_pb_row][et_pb_row use_custom_gutter=\u00a0\u00bbon\u00a0\u00bb gutter_width=\u00a0\u00bb2&Prime; _builder_version=\u00a0\u00bb4.18.1&Prime; _module_preset=\u00a0\u00bbdefault\u00a0\u00bb background_color=\u00a0\u00bb#ebeef3&Prime; custom_padding=\u00a0\u00bb|20px||20px|false|true\u00a0\u00bb global_colors_info=\u00a0\u00bb{}\u00a0\u00bb][et_pb_column type=\u00a0\u00bb4_4&Prime; _builder_version=\u00a0\u00bb4.18.1&Prime; _module_preset=\u00a0\u00bbdefault\u00a0\u00bb global_colors_info=\u00a0\u00bb{}\u00a0\u00bb][ba_image_carousel is_autoplay=\u00a0\u00bboff\u00a0\u00bb _builder_version=\u00a0\u00bb4.20.0&Prime; _module_preset=\u00a0\u00bbdefault\u00a0\u00bb global_colors_info=\u00a0\u00bb{}\u00a0\u00bb][ba_image_carousel_child photo=\u00a0\u00bbhttps:\/\/scitequipement.fr\/wp-content\/uploads\/2022\/10\/SORTIE-IMAGES-FIXES.00_00_00_00.Still004.png\u00a0\u00bb _builder_version=\u00a0\u00bb4.20.0&Prime; _module_preset=\u00a0\u00bbdefault\u00a0\u00bb global_colors_info=\u00a0\u00bb{}\u00a0\u00bb][\/ba_image_carousel_child][ba_image_carousel_child photo=\u00a0\u00bbhttps:\/\/scitequipement.fr\/wp-content\/uploads\/2022\/10\/PIECES-DE-RECHANGE.00_04_11_12.Still004.png\u00a0\u00bb _builder_version=\u00a0\u00bb4.20.0&Prime; _module_preset=\u00a0\u00bbdefault\u00a0\u00bb global_colors_info=\u00a0\u00bb{}\u00a0\u00bb][\/ba_image_carousel_child][ba_image_carousel_child photo=\u00a0\u00bbhttps:\/\/scitequipement.fr\/wp-content\/uploads\/2022\/10\/PIECES-DE-RECHANGE.00_03_29_09.Still002.png\u00a0\u00bb _builder_version=\u00a0\u00bb4.20.0&Prime; _module_preset=\u00a0\u00bbdefault\u00a0\u00bb global_colors_info=\u00a0\u00bb{}\u00a0\u00bb][\/ba_image_carousel_child][ba_image_carousel_child photo=\u00a0\u00bbhttps:\/\/scitequipement.fr\/wp-content\/uploads\/2023\/02\/bac-polyester&#8211;scaled.jpg\u00a0\u00bb _builder_version=\u00a0\u00bb4.20.0&Prime; _module_preset=\u00a0\u00bbdefault\u00a0\u00bb global_colors_info=\u00a0\u00bb{}\u00a0\u00bb][\/ba_image_carousel_child][ba_image_carousel_child photo=\u00a0\u00bbhttps:\/\/scitequipement.fr\/wp-content\/uploads\/2023\/02\/ensemble-colonne-TGV-rotated.jpg\u00a0\u00bb _builder_version=\u00a0\u00bb4.20.0&Prime; _module_preset=\u00a0\u00bbdefault\u00a0\u00bb global_colors_info=\u00a0\u00bb{}\u00a0\u00bb][\/ba_image_carousel_child][ba_image_carousel_child photo=\u00a0\u00bbhttps:\/\/scitequipement.fr\/wp-content\/uploads\/2023\/02\/pieces-polyester-scaled.jpg\u00a0\u00bb _builder_version=\u00a0\u00bb4.20.0&Prime; _module_preset=\u00a0\u00bbdefault\u00a0\u00bb global_colors_info=\u00a0\u00bb{}\u00a0\u00bb][\/ba_image_carousel_child][\/ba_image_carousel][\/et_pb_column][\/et_pb_row][\/et_pb_section][et_pb_section fb_built=\u00a0\u00bb1&Prime; _builder_version=\u00a0\u00bb4.20.2&Prime; _module_preset=\u00a0\u00bbdefault\u00a0\u00bb background_color=\u00a0\u00bbRGBA(255,255,255,0)\u00a0\u00bb custom_padding=\u00a0\u00bb0px||0px||false|false\u00a0\u00bb global_colors_info=\u00a0\u00bb{}\u00a0\u00bb][et_pb_row _builder_version=\u00a0\u00bb4.18.1&Prime; _module_preset=\u00a0\u00bbdefault\u00a0\u00bb global_colors_info=\u00a0\u00bb{}\u00a0\u00bb][et_pb_column type=\u00a0\u00bb4_4&Prime; _builder_version=\u00a0\u00bb4.18.1&Prime; _module_preset=\u00a0\u00bbdefault\u00a0\u00bb global_colors_info=\u00a0\u00bb{}\u00a0\u00bb][et_pb_text _builder_version=\u00a0\u00bb4.18.1&Prime; _module_preset=\u00a0\u00bbdefault\u00a0\u00bb global_colors_info=\u00a0\u00bb{}\u00a0\u00bb]<\/p>\n<h2>R\u00e9f\u00e9rences clients<\/h2>\n<p>[\/et_pb_text][\/et_pb_column][\/et_pb_row][et_pb_row _builder_version=\u00a0\u00bb4.20.0&Prime; _module_preset=\u00a0\u00bbdefault\u00a0\u00bb custom_margin=\u00a0\u00bb0px||0px||true|false\u00a0\u00bb custom_padding=\u00a0\u00bb0px||0px||true|false\u00a0\u00bb global_module=\u00a0\u00bb323&Prime; saved_tabs=\u00a0\u00bball\u00a0\u00bb global_colors_info=\u00a0\u00bb{}\u00a0\u00bb][et_pb_column type=\u00a0\u00bb4_4&Prime; _builder_version=\u00a0\u00bb4.20.0&Prime; _module_preset=\u00a0\u00bbdefault\u00a0\u00bb global_colors_info=\u00a0\u00bb{}\u00a0\u00bb][ba_logo_carousel slide_count=\u00a0\u00bb5&Prime; logo_height=\u00a0\u00bb150px\u00a0\u00bb logo_width=\u00a0\u00bb150px\u00a0\u00bb logo_hover=\u00a0\u00bbfade\u00a0\u00bb _builder_version=\u00a0\u00bb4.21.0&Prime; _module_preset=\u00a0\u00bbdefault\u00a0\u00bb hover_enabled=\u00a0\u00bb0&Prime; global_colors_info=\u00a0\u00bb{}\u00a0\u00bb sticky_enabled=\u00a0\u00bb0&Prime;][ba_logo_carousel_child logo=\u00a0\u00bbhttps:\/\/scitequipement.fr\/wp-content\/uploads\/2022\/10\/logo-alstom.png\u00a0\u00bb brand_name=\u00a0\u00bbalstom\u00a0\u00bb _builder_version=\u00a0\u00bb4.20.0&Prime; _module_preset=\u00a0\u00bbdefault\u00a0\u00bb global_colors_info=\u00a0\u00bb{}\u00a0\u00bb][\/ba_logo_carousel_child][ba_logo_carousel_child admin_title=\u00a0\u00bbBombardier\u00a0\u00bb logo=\u00a0\u00bbhttps:\/\/scitequipement.fr\/wp-content\/uploads\/2022\/10\/bombardier-transportation.svg\u00a0\u00bb _builder_version=\u00a0\u00bb4.20.4&Prime; _module_preset=\u00a0\u00bbdefault\u00a0\u00bb global_colors_info=\u00a0\u00bb{}\u00a0\u00bb][\/ba_logo_carousel_child][ba_logo_carousel_child logo=\u00a0\u00bbhttps:\/\/scitequipement.fr\/wp-content\/uploads\/2023\/02\/keolis-index.png\u00a0\u00bb brand_name=\u00a0\u00bbkeolis\u00a0\u00bb _builder_version=\u00a0\u00bb4.20.0&Prime; _module_preset=\u00a0\u00bbdefault\u00a0\u00bb global_colors_info=\u00a0\u00bb{}\u00a0\u00bb][\/ba_logo_carousel_child][ba_logo_carousel_child logo=\u00a0\u00bbhttps:\/\/scitequipement.fr\/wp-content\/uploads\/2023\/03\/logo-caf.png\u00a0\u00bb brand_name=\u00a0\u00bbcaf\u00a0\u00bb _builder_version=\u00a0\u00bb4.20.1&Prime; _module_preset=\u00a0\u00bbdefault\u00a0\u00bb global_colors_info=\u00a0\u00bb{}\u00a0\u00bb][\/ba_logo_carousel_child][ba_logo_carousel_child logo=\u00a0\u00bbhttps:\/\/scitequipement.fr\/wp-content\/uploads\/2023\/03\/logo-cts.png\u00a0\u00bb brand_name=\u00a0\u00bbcts\u00a0\u00bb _builder_version=\u00a0\u00bb4.20.1&Prime; _module_preset=\u00a0\u00bbdefault\u00a0\u00bb global_colors_info=\u00a0\u00bb{}\u00a0\u00bb][\/ba_logo_carousel_child][ba_logo_carousel_child logo=\u00a0\u00bbhttps:\/\/scitequipement.fr\/wp-content\/uploads\/2022\/11\/Logo-SYTRAL.jpg\u00a0\u00bb brand_name=\u00a0\u00bbsytral\u00a0\u00bb _builder_version=\u00a0\u00bb4.20.0&Prime; _module_preset=\u00a0\u00bbdefault\u00a0\u00bb global_colors_info=\u00a0\u00bb{}\u00a0\u00bb][\/ba_logo_carousel_child][ba_logo_carousel_child logo=\u00a0\u00bbhttps:\/\/scitequipement.fr\/wp-content\/uploads\/2023\/02\/oncf-index.png\u00a0\u00bb brand_name=\u00a0\u00bboncf\u00a0\u00bb _builder_version=\u00a0\u00bb4.20.0&Prime; _module_preset=\u00a0\u00bbdefault\u00a0\u00bb global_colors_info=\u00a0\u00bb{}\u00a0\u00bb][\/ba_logo_carousel_child][ba_logo_carousel_child logo=\u00a0\u00bbhttps:\/\/scitequipement.fr\/wp-content\/uploads\/2023\/03\/7457c5a1129a0451cafd2c8156e91b3fcfa4cd16.png\u00a0\u00bb brand_name=\u00a0\u00bbratp\u00a0\u00bb _builder_version=\u00a0\u00bb4.20.2&Prime; _module_preset=\u00a0\u00bbdefault\u00a0\u00bb global_colors_info=\u00a0\u00bb{}\u00a0\u00bb][\/ba_logo_carousel_child][ba_logo_carousel_child logo=\u00a0\u00bbhttps:\/\/scitequipement.fr\/wp-content\/uploads\/2023\/02\/sncb.png\u00a0\u00bb brand_name=\u00a0\u00bbsncb\u00a0\u00bb _builder_version=\u00a0\u00bb4.20.0&Prime; _module_preset=\u00a0\u00bbdefault\u00a0\u00bb global_colors_info=\u00a0\u00bb{}\u00a0\u00bb][\/ba_logo_carousel_child][ba_logo_carousel_child logo=\u00a0\u00bbhttps:\/\/scitequipement.fr\/wp-content\/uploads\/2023\/03\/logo-sncf.png\u00a0\u00bb brand_name=\u00a0\u00bbsncf\u00a0\u00bb _builder_version=\u00a0\u00bb4.20.1&Prime; _module_preset=\u00a0\u00bbdefault\u00a0\u00bb global_colors_info=\u00a0\u00bb{}\u00a0\u00bb][\/ba_logo_carousel_child][ba_logo_carousel_child logo=\u00a0\u00bbhttps:\/\/scitequipement.fr\/wp-content\/uploads\/2023\/03\/eurostar.png\u00a0\u00bb brand_name=\u00a0\u00bbEurostar\u00a0\u00bb _builder_version=\u00a0\u00bb4.20.1&Prime; _module_preset=\u00a0\u00bbdefault\u00a0\u00bb global_colors_info=\u00a0\u00bb{}\u00a0\u00bb][\/ba_logo_carousel_child][\/ba_logo_carousel][\/et_pb_column][\/et_pb_row][\/et_pb_section][et_pb_section fb_built=\u00a0\u00bb1&Prime; _builder_version=\u00a0\u00bb4.20.0&Prime; _module_preset=\u00a0\u00bbdefault\u00a0\u00bb background_color=\u00a0\u00bbRGBA(255,255,255,0)\u00a0\u00bb custom_padding=\u00a0\u00bb0px||0px||true|false\u00a0\u00bb global_module=\u00a0\u00bb61&Prime; saved_tabs=\u00a0\u00bball\u00a0\u00bb global_colors_info=\u00a0\u00bb{}\u00a0\u00bb][et_pb_row _builder_version=\u00a0\u00bb4.18.0&Prime; _module_preset=\u00a0\u00bbdefault\u00a0\u00bb global_colors_info=\u00a0\u00bb{}\u00a0\u00bb][et_pb_column type=\u00a0\u00bb4_4&Prime; _builder_version=\u00a0\u00bb4.18.0&Prime; _module_preset=\u00a0\u00bbdefault\u00a0\u00bb global_colors_info=\u00a0\u00bb{}\u00a0\u00bb][et_pb_divider color=\u00a0\u00bb#bfcadb\u00a0\u00bb divider_weight=\u00a0\u00bb3px\u00a0\u00bb _builder_version=\u00a0\u00bb4.18.0&Prime; _module_preset=\u00a0\u00bbdefault\u00a0\u00bb global_colors_info=\u00a0\u00bb{}\u00a0\u00bb][\/et_pb_divider][et_pb_button button_url=\u00a0\u00bb@ET-DC@eyJkeW5hbWljIjp0cnVlLCJjb250ZW50IjoicG9zdF9saW5rX3VybF9wYWdlIiwic2V0dGluZ3MiOnsicG9zdF9pZCI6IjM1MyJ9fQ==@\u00a0\u00bb button_text=\u00a0\u00bbPrendre contact\u00a0\u00bb button_alignment=\u00a0\u00bbcenter\u00a0\u00bb _builder_version=\u00a0\u00bb4.20.0&Prime; _dynamic_attributes=\u00a0\u00bbbutton_url\u00a0\u00bb _module_preset=\u00a0\u00bbdefault\u00a0\u00bb button_text_en_us=\u00a0\u00bbContact us\u00a0\u00bb global_colors_info=\u00a0\u00bb{}\u00a0\u00bb][\/et_pb_button][\/et_pb_column][\/et_pb_row][\/et_pb_section]<\/p>\n","protected":false},"excerpt":{"rendered":"<p>Pi\u00e8ces de rechange\u00a0\u00ab\u00a0Favoriser un environnement coop\u00e9ratif afin de relever les d\u00e9fis.\u00a0\u00bbSCIT Equipement fournit des pi\u00e8ces de rechange et d\u2019autres plus \u00ab sp\u00e9cifiques \u00bb pour remplacer des organes d\u00e9fectueux, d\u00e9grad\u00e9s, obsol\u00e8tes, en lieu et place dans les d\u00e9lais du client.Une gestion qui se partage entre organisation, planification, synchronisation et exigence. Des t\u00e2ches et des fonctions que [&hellip;]<\/p>\n","protected":false},"author":1,"featured_media":0,"parent":0,"menu_order":0,"comment_status":"closed","ping_status":"closed","template":"","meta":{"_et_pb_use_builder":"on","_et_pb_old_content":"","_et_gb_content_width":"","footnotes":""},"class_list":["post-104","page","type-page","status-publish","hentry"],"yoast_head":"<!-- This site is optimized with the Yoast SEO plugin v22.6 - https:\/\/yoast.com\/wordpress\/plugins\/seo\/ -->\n<title>Pi\u00e8ces de rechange - SCIT<\/title>\n<meta name=\"robots\" content=\"index, follow, max-snippet:-1, max-image-preview:large, max-video-preview:-1\" \/>\n<link rel=\"canonical\" href=\"https:\/\/scitequipement.fr\/pieces-de-rechange\/\" \/>\n<meta property=\"og:locale\" content=\"fr_FR\" \/>\n<meta property=\"og:type\" content=\"article\" \/>\n<meta property=\"og:title\" content=\"Pi\u00e8ces de rechange - SCIT\" \/>\n<meta property=\"og:description\" content=\"Pi\u00e8ces de rechange\u00a0&quot;Favoriser un environnement coop\u00e9ratif afin de relever les d\u00e9fis.&quot;SCIT Equipement fournit des pi\u00e8ces de rechange et d\u2019autres plus \u00ab sp\u00e9cifiques \u00bb pour remplacer des organes d\u00e9fectueux, d\u00e9grad\u00e9s, obsol\u00e8tes, en lieu et place dans les d\u00e9lais du client.Une gestion qui se partage entre organisation, planification, synchronisation et exigence. Des t\u00e2ches et des fonctions que [&hellip;]\" \/>\n<meta property=\"og:url\" content=\"https:\/\/scitequipement.fr\/pieces-de-rechange\/\" \/>\n<meta property=\"og:site_name\" content=\"SCIT\" \/>\n<meta property=\"article:modified_time\" content=\"2023-05-23T18:48:40+00:00\" \/>\n<meta name=\"twitter:card\" content=\"summary_large_image\" \/>\n<meta name=\"twitter:label1\" content=\"Dur\u00e9e de lecture estim\u00e9e\" \/>\n\t<meta name=\"twitter:data1\" content=\"8 minutes\" \/>\n<script type=\"application\/ld+json\" class=\"yoast-schema-graph\">{\"@context\":\"https:\/\/schema.org\",\"@graph\":[{\"@type\":\"WebPage\",\"@id\":\"https:\/\/scitequipement.fr\/pieces-de-rechange\/\",\"url\":\"https:\/\/scitequipement.fr\/pieces-de-rechange\/\",\"name\":\"Pi\u00e8ces de rechange - SCIT\",\"isPartOf\":{\"@id\":\"https:\/\/scitequipement.fr\/fr\/#website\"},\"datePublished\":\"2022-10-29T07:27:46+00:00\",\"dateModified\":\"2023-05-23T18:48:40+00:00\",\"breadcrumb\":{\"@id\":\"https:\/\/scitequipement.fr\/pieces-de-rechange\/#breadcrumb\"},\"inLanguage\":\"fr-FR\",\"potentialAction\":[{\"@type\":\"ReadAction\",\"target\":[\"https:\/\/scitequipement.fr\/pieces-de-rechange\/\"]}]},{\"@type\":\"BreadcrumbList\",\"@id\":\"https:\/\/scitequipement.fr\/pieces-de-rechange\/#breadcrumb\",\"itemListElement\":[{\"@type\":\"ListItem\",\"position\":1,\"name\":\"Accueil\",\"item\":\"https:\/\/scitequipement.fr\/fr\/\"},{\"@type\":\"ListItem\",\"position\":2,\"name\":\"Pi\u00e8ces de rechange\"}]},{\"@type\":\"WebSite\",\"@id\":\"https:\/\/scitequipement.fr\/fr\/#website\",\"url\":\"https:\/\/scitequipement.fr\/fr\/\",\"name\":\"SCIT\",\"description\":\"\u00c9quipements\",\"publisher\":{\"@id\":\"https:\/\/scitequipement.fr\/fr\/#organization\"},\"potentialAction\":[{\"@type\":\"SearchAction\",\"target\":{\"@type\":\"EntryPoint\",\"urlTemplate\":\"https:\/\/scitequipement.fr\/fr\/?s={search_term_string}\"},\"query-input\":\"required name=search_term_string\"}],\"inLanguage\":\"fr-FR\"},{\"@type\":\"Organization\",\"@id\":\"https:\/\/scitequipement.fr\/fr\/#organization\",\"name\":\"SCIT\",\"url\":\"https:\/\/scitequipement.fr\/fr\/\",\"logo\":{\"@type\":\"ImageObject\",\"inLanguage\":\"fr-FR\",\"@id\":\"https:\/\/scitequipement.fr\/fr\/#\/schema\/logo\/image\/\",\"url\":\"https:\/\/scitequipement.fr\/wp-content\/uploads\/2022\/10\/logo-scit.png\",\"contentUrl\":\"https:\/\/scitequipement.fr\/wp-content\/uploads\/2022\/10\/logo-scit.png\",\"width\":824,\"height\":156,\"caption\":\"SCIT\"},\"image\":{\"@id\":\"https:\/\/scitequipement.fr\/fr\/#\/schema\/logo\/image\/\"}}]}<\/script>\n<!-- \/ Yoast SEO plugin. -->","yoast_head_json":{"title":"Pi\u00e8ces de rechange - SCIT","robots":{"index":"index","follow":"follow","max-snippet":"max-snippet:-1","max-image-preview":"max-image-preview:large","max-video-preview":"max-video-preview:-1"},"canonical":"https:\/\/scitequipement.fr\/pieces-de-rechange\/","og_locale":"fr_FR","og_type":"article","og_title":"Pi\u00e8ces de rechange - SCIT","og_description":"Pi\u00e8ces de rechange\u00a0\"Favoriser un environnement coop\u00e9ratif afin de relever les d\u00e9fis.\"SCIT Equipement fournit des pi\u00e8ces de rechange et d\u2019autres plus \u00ab sp\u00e9cifiques \u00bb pour remplacer des organes d\u00e9fectueux, d\u00e9grad\u00e9s, obsol\u00e8tes, en lieu et place dans les d\u00e9lais du client.Une gestion qui se partage entre organisation, planification, synchronisation et exigence. Des t\u00e2ches et des fonctions que [&hellip;]","og_url":"https:\/\/scitequipement.fr\/pieces-de-rechange\/","og_site_name":"SCIT","article_modified_time":"2023-05-23T18:48:40+00:00","twitter_card":"summary_large_image","twitter_misc":{"Dur\u00e9e de lecture estim\u00e9e":"8 minutes"},"schema":{"@context":"https:\/\/schema.org","@graph":[{"@type":"WebPage","@id":"https:\/\/scitequipement.fr\/pieces-de-rechange\/","url":"https:\/\/scitequipement.fr\/pieces-de-rechange\/","name":"Pi\u00e8ces de rechange - SCIT","isPartOf":{"@id":"https:\/\/scitequipement.fr\/fr\/#website"},"datePublished":"2022-10-29T07:27:46+00:00","dateModified":"2023-05-23T18:48:40+00:00","breadcrumb":{"@id":"https:\/\/scitequipement.fr\/pieces-de-rechange\/#breadcrumb"},"inLanguage":"fr-FR","potentialAction":[{"@type":"ReadAction","target":["https:\/\/scitequipement.fr\/pieces-de-rechange\/"]}]},{"@type":"BreadcrumbList","@id":"https:\/\/scitequipement.fr\/pieces-de-rechange\/#breadcrumb","itemListElement":[{"@type":"ListItem","position":1,"name":"Accueil","item":"https:\/\/scitequipement.fr\/fr\/"},{"@type":"ListItem","position":2,"name":"Pi\u00e8ces de rechange"}]},{"@type":"WebSite","@id":"https:\/\/scitequipement.fr\/fr\/#website","url":"https:\/\/scitequipement.fr\/fr\/","name":"SCIT","description":"\u00c9quipements","publisher":{"@id":"https:\/\/scitequipement.fr\/fr\/#organization"},"potentialAction":[{"@type":"SearchAction","target":{"@type":"EntryPoint","urlTemplate":"https:\/\/scitequipement.fr\/fr\/?s={search_term_string}"},"query-input":"required name=search_term_string"}],"inLanguage":"fr-FR"},{"@type":"Organization","@id":"https:\/\/scitequipement.fr\/fr\/#organization","name":"SCIT","url":"https:\/\/scitequipement.fr\/fr\/","logo":{"@type":"ImageObject","inLanguage":"fr-FR","@id":"https:\/\/scitequipement.fr\/fr\/#\/schema\/logo\/image\/","url":"https:\/\/scitequipement.fr\/wp-content\/uploads\/2022\/10\/logo-scit.png","contentUrl":"https:\/\/scitequipement.fr\/wp-content\/uploads\/2022\/10\/logo-scit.png","width":824,"height":156,"caption":"SCIT"},"image":{"@id":"https:\/\/scitequipement.fr\/fr\/#\/schema\/logo\/image\/"}}]}},"_links":{"self":[{"href":"https:\/\/scitequipement.fr\/wp-json\/wp\/v2\/pages\/104","targetHints":{"allow":["GET"]}}],"collection":[{"href":"https:\/\/scitequipement.fr\/wp-json\/wp\/v2\/pages"}],"about":[{"href":"https:\/\/scitequipement.fr\/wp-json\/wp\/v2\/types\/page"}],"author":[{"embeddable":true,"href":"https:\/\/scitequipement.fr\/wp-json\/wp\/v2\/users\/1"}],"replies":[{"embeddable":true,"href":"https:\/\/scitequipement.fr\/wp-json\/wp\/v2\/comments?post=104"}],"version-history":[{"count":27,"href":"https:\/\/scitequipement.fr\/wp-json\/wp\/v2\/pages\/104\/revisions"}],"predecessor-version":[{"id":443,"href":"https:\/\/scitequipement.fr\/wp-json\/wp\/v2\/pages\/104\/revisions\/443"}],"wp:attachment":[{"href":"https:\/\/scitequipement.fr\/wp-json\/wp\/v2\/media?parent=104"}],"curies":[{"name":"wp","href":"https:\/\/api.w.org\/{rel}","templated":true}]}}