{"id":93,"date":"2022-10-29T09:13:11","date_gmt":"2022-10-29T07:13:11","guid":{"rendered":"https:\/\/scitequipement.fr\/?page_id=93"},"modified":"2023-05-23T20:46:03","modified_gmt":"2023-05-23T18:46:03","slug":"interiorisme","status":"publish","type":"page","link":"https:\/\/scitequipement.fr\/interiorisme\/","title":{"rendered":"INTERIOR FITTING"},"content":{"rendered":"<p>[et_pb_section fb_built=&#8221;1&#8243; module_class=&#8221;top-section&#8221; _builder_version=&#8221;4.18.1&#8243; _module_preset=&#8221;default&#8221; custom_padding=&#8221;0px||||false|false&#8221; global_colors_info=&#8221;{}&#8221;][et_pb_row _builder_version=&#8221;4.18.0&#8243; _module_preset=&#8221;default&#8221; global_colors_info=&#8221;{}&#8221;][et_pb_column type=&#8221;4_4&#8243; _builder_version=&#8221;4.18.0&#8243; _module_preset=&#8221;default&#8221; global_colors_info=&#8221;{}&#8221;][et_pb_divider show_divider=&#8221;off&#8221; module_class=&#8221;ligne-rond inverse&#8221; _builder_version=&#8221;4.18.1&#8243; _module_preset=&#8221;default&#8221; custom_padding=&#8221;10px||||false|false&#8221; locked=&#8221;off&#8221; global_colors_info=&#8221;{}&#8221;][\/et_pb_divider][et_pb_text module_class=&#8221;titre-long&#8221; _builder_version=&#8221;4.20.2&#8243; _module_preset=&#8221;default&#8221; content_en_us=&#8221;<\/p>\n<h1>INTERIOR DESIGN \u2013 ORIGINAL EQUIPMENT \u2013 NEWS EQUIPMENT \u2013<br \/>REFURBISHMENT<\/h1>\n<p>&#8221; global_colors_info=&#8221;{}&#8221;]<\/p>\n<h1>INT\u00e9RIORISME &#8211; 1\u00e8re MONTE &#8211; NOUVEAUX TRAINS &#8211; MATERIEL NEUF &#8211; RENOVATION<\/h1>\n<p>[\/et_pb_text][\/et_pb_column][\/et_pb_row][et_pb_row column_structure=&#8221;1_2,1_2&#8243; _builder_version=&#8221;4.19.0&#8243; _module_preset=&#8221;default&#8221; custom_padding=&#8221;0px||||false|false&#8221; hover_enabled=&#8221;0&#8243; global_colors_info=&#8221;{}&#8221; sticky_enabled=&#8221;0&#8243;][et_pb_column type=&#8221;1_2&#8243; _builder_version=&#8221;4.18.0&#8243; _module_preset=&#8221;default&#8221; global_colors_info=&#8221;{}&#8221;][et_pb_text _builder_version=&#8221;4.20.4&#8243; _module_preset=&#8221;default&#8221; text_font=&#8221;||on||||||&#8221; text_font_size=&#8221;18px&#8221; text_line_height=&#8221;1.2em&#8221; content_en_us=&#8221;<\/p>\n<p>%22A management that pushes its overall performance%22<\/p>\n<p>&#8221; global_colors_info=&#8221;{}&#8221;]<\/p>\n<p>&#8220;Un management qui pousse sa performance globale&#8221;<\/p>\n<p>[\/et_pb_text][\/et_pb_column][et_pb_column type=&#8221;1_2&#8243; _builder_version=&#8221;4.18.0&#8243; _module_preset=&#8221;default&#8221; global_colors_info=&#8221;{}&#8221;][et_pb_video src=&#8221;https:\/\/player.vimeo.com\/video\/816585192?h=85a63c67a2&#8243; image_src=&#8221;https:\/\/scitequipement.fr\/wp-content\/uploads\/2023\/02\/Interiorisme.00_00_02_11.Still002.png&#8221; play_icon_color=&#8221;RGBA(255,255,255,0)&#8221; thumbnail_overlay_color=&#8221;RGBA(255,255,255,0)&#8221; module_class=&#8221;video-fr&#8221; _builder_version=&#8221;4.20.4&#8243; _module_preset=&#8221;default&#8221; width=&#8221;90%&#8221; global_colors_info=&#8221;{}&#8221;][\/et_pb_video][et_pb_video src=&#8221;https:\/\/player.vimeo.com\/video\/816562785?h=33cf5e9d2f&#8221; image_src=&#8221;https:\/\/scitequipement.fr\/wp-content\/uploads\/2023\/02\/Interiorisme.00_00_02_11.Still002.png&#8221; play_icon_color=&#8221;RGBA(255,255,255,0)&#8221; thumbnail_overlay_color=&#8221;RGBA(255,255,255,0)&#8221; module_class=&#8221;video-en&#8221; _builder_version=&#8221;4.20.4&#8243; _module_preset=&#8221;default&#8221; width=&#8221;90%&#8221; global_colors_info=&#8221;{}&#8221;][\/et_pb_video][\/et_pb_column][\/et_pb_row][et_pb_row column_structure=&#8221;1_3,2_3&#8243; _builder_version=&#8221;4.18.0&#8243; _module_preset=&#8221;default&#8221; global_colors_info=&#8221;{}&#8221;][et_pb_column type=&#8221;1_3&#8243; _builder_version=&#8221;4.18.0&#8243; _module_preset=&#8221;default&#8221; global_colors_info=&#8221;{}&#8221;][et_pb_image src=&#8221;https:\/\/scitequipement.fr\/wp-content\/uploads\/2023\/05\/Tram-Lyon.png&#8221; title_text=&#8221;Tram-Lyon&#8221; _builder_version=&#8221;4.21.0&#8243; _module_preset=&#8221;default&#8221; custom_margin=&#8221;-50px||||false|false&#8221; hover_enabled=&#8221;0&#8243; global_colors_info=&#8221;{}&#8221; sticky_enabled=&#8221;0&#8243;][\/et_pb_image][\/et_pb_column][et_pb_column type=&#8221;2_3&#8243; _builder_version=&#8221;4.18.0&#8243; _module_preset=&#8221;default&#8221; global_colors_info=&#8221;{}&#8221;][et_pb_text module_class=&#8221;carre-rouge&#8221; _builder_version=&#8221;4.21.0&#8243; _module_preset=&#8221;default&#8221; hover_enabled=&#8221;0&#8243; content_en_us=&#8221;<\/p>\n<p>SCIT EQUIPEMENT is aimed at manufacturers and operators in transportation.<br \/>Specialized in the interior equipment\u2019s of trains, metros, trams, SCIT EQUIPEMENT offers complete ready to mount fixture with integrated electronic, electrical, and mechanical modules for passenger cars. Our products are suitable for small and large series:<\/p>\n<ul>\n<li>We provide ceiling fixture with built-in lighting equipment\u2019s, aluminum profile, LED spots, adjustable reading lights, air conditioning system, video monitoring, luggage racks, headrest\/armrest with lighting, information display, doors, windows, operator cabinet, grab bars\/pole, etc.<\/li>\n<\/ul>\n<p>&#8221; global_colors_info=&#8221;{}&#8221; sticky_enabled=&#8221;0&#8243;]<\/p>\n<p>SCIT EQUIPEMENT s\u2019adresse aux constructeurs et op\u00e9rateurs du transport ferroviaire. Sp\u00e9cialis\u00e9e dans l\u2019habillage int\u00e9rieur des trains, des m\u00e9tros, des tramways, depuis de nombreuses ann\u00e9es, SCIT EQUIPEMENT propose des ensembles complets, int\u00e9grant des modules \u00e9lectroniques, \u00e9lectriques et m\u00e9caniques pour les voitures \u00ab voyageurs \u00bb. Nos fabrications sont adapt\u00e9es pour des petites et grandes s\u00e9ries :<\/p>\n<ul>\n<li>Ce sont des \u00e9quipements de plafonds avec \u00e9clairage incorpor\u00e9, profil aluminium, spots d\u2019\u00e9clairage \u00e0 LED, liseuses orientables, syst\u00e8me pour climatisation, vid\u00e9o surveillance, porte-bagages, voussoirs avec \u00e9clairage, informations lumineuses, portes, baies, pupitres de cabine, barres montoires\u2026<\/li>\n<\/ul>\n<p>[\/et_pb_text][\/et_pb_column][\/et_pb_row][\/et_pb_section][et_pb_section fb_built=&#8221;1&#8243; _builder_version=&#8221;4.19.0&#8243; _module_preset=&#8221;default&#8221; background_color=&#8221;RGBA(255,255,255,0)&#8221; custom_padding=&#8221;0px||||false|false&#8221; global_colors_info=&#8221;{}&#8221;][et_pb_row _builder_version=&#8221;4.18.1&#8243; _module_preset=&#8221;default&#8221; global_colors_info=&#8221;{}&#8221;][et_pb_column type=&#8221;4_4&#8243; _builder_version=&#8221;4.18.1&#8243; _module_preset=&#8221;default&#8221; global_colors_info=&#8221;{}&#8221;][et_pb_text _builder_version=&#8221;4.19.4&#8243; _module_preset=&#8221;default&#8221; content_en_us=&#8221;<\/p>\n<h2>In photos<\/h2>\n<p>&#8221; global_colors_info=&#8221;{}&#8221;]<\/p>\n<h2>En images<\/h2>\n<p>[\/et_pb_text][\/et_pb_column][\/et_pb_row][et_pb_row use_custom_gutter=&#8221;on&#8221; gutter_width=&#8221;2&#8243; _builder_version=&#8221;4.18.1&#8243; _module_preset=&#8221;default&#8221; background_color=&#8221;#ebeef3&#8243; custom_padding=&#8221;|20px||20px|false|true&#8221; global_colors_info=&#8221;{}&#8221;][et_pb_column type=&#8221;4_4&#8243; _builder_version=&#8221;4.18.1&#8243; _module_preset=&#8221;default&#8221; global_colors_info=&#8221;{}&#8221;][ba_image_carousel is_autoplay=&#8221;off&#8221; _builder_version=&#8221;4.20.0&#8243; _module_preset=&#8221;default&#8221; global_colors_info=&#8221;{}&#8221;][ba_image_carousel_child photo=&#8221;https:\/\/scitequipement.fr\/wp-content\/uploads\/2023\/02\/baie-a-imposte-scaled.jpg&#8221; _builder_version=&#8221;4.20.0&#8243; _module_preset=&#8221;default&#8221; global_colors_info=&#8221;{}&#8221;][\/ba_image_carousel_child][ba_image_carousel_child photo=&#8221;https:\/\/scitequipement.fr\/wp-content\/uploads\/2022\/10\/Etalonnage-2.00_00_02_19.Still001.png&#8221; _builder_version=&#8221;4.20.0&#8243; _module_preset=&#8221;default&#8221; global_colors_info=&#8221;{}&#8221;][\/ba_image_carousel_child][ba_image_carousel_child photo=&#8221;https:\/\/scitequipement.fr\/wp-content\/uploads\/2022\/10\/Etalonnage-3.00_00_02_19.Still001.png&#8221; _builder_version=&#8221;4.20.0&#8243; _module_preset=&#8221;default&#8221; global_colors_info=&#8221;{}&#8221;][\/ba_image_carousel_child][ba_image_carousel_child photo=&#8221;https:\/\/scitequipement.fr\/wp-content\/uploads\/2023\/02\/INTERIORISTE-03-MIX-ETALO.00_00_50_00.Still005.png&#8221; _builder_version=&#8221;4.20.0&#8243; _module_preset=&#8221;default&#8221; global_colors_info=&#8221;{}&#8221;][\/ba_image_carousel_child][ba_image_carousel_child photo=&#8221;https:\/\/scitequipement.fr\/wp-content\/uploads\/2023\/02\/haint.jpg&#8221; _builder_version=&#8221;4.20.0&#8243; _module_preset=&#8221;default&#8221; global_colors_info=&#8221;{}&#8221;][\/ba_image_carousel_child][\/ba_image_carousel][\/et_pb_column][\/et_pb_row][\/et_pb_section][et_pb_section fb_built=&#8221;1&#8243; _builder_version=&#8221;4.20.0&#8243; _module_preset=&#8221;default&#8221; background_color=&#8221;RGBA(255,255,255,0)&#8221; custom_padding=&#8221;0px||0px||true|false&#8221; global_module=&#8221;61&#8243; saved_tabs=&#8221;all&#8221; global_colors_info=&#8221;{}&#8221;][et_pb_row _builder_version=&#8221;4.18.0&#8243; _module_preset=&#8221;default&#8221; global_colors_info=&#8221;{}&#8221;][et_pb_column type=&#8221;4_4&#8243; _builder_version=&#8221;4.18.0&#8243; _module_preset=&#8221;default&#8221; global_colors_info=&#8221;{}&#8221;][et_pb_divider color=&#8221;#bfcadb&#8221; divider_weight=&#8221;3px&#8221; _builder_version=&#8221;4.18.0&#8243; _module_preset=&#8221;default&#8221; global_colors_info=&#8221;{}&#8221;][\/et_pb_divider][et_pb_button button_url=&#8221;@ET-DC@eyJkeW5hbWljIjp0cnVlLCJjb250ZW50IjoicG9zdF9saW5rX3VybF9wYWdlIiwic2V0dGluZ3MiOnsicG9zdF9pZCI6IjM1MyJ9fQ==@&#8221; button_text=&#8221;Prendre contact&#8221; button_alignment=&#8221;center&#8221; _builder_version=&#8221;4.20.0&#8243; _dynamic_attributes=&#8221;button_url&#8221; _module_preset=&#8221;default&#8221; button_text_en_us=&#8221;Contact us&#8221; global_colors_info=&#8221;{}&#8221;][\/et_pb_button][\/et_pb_column][\/et_pb_row][\/et_pb_section]<\/p>\n","protected":false},"excerpt":{"rendered":"<p>INT\u00e9RIORISME &#8211; 1\u00e8re MONTE &#8211; NOUVEAUX TRAINS &#8211; MATERIEL NEUF &#8211; RENOVATION&#8221;Un management qui pousse sa performance globale&#8221;SCIT EQUIPEMENT s\u2019adresse aux constructeurs et op\u00e9rateurs du transport ferroviaire. Sp\u00e9cialis\u00e9e dans l\u2019habillage int\u00e9rieur des trains, des m\u00e9tros, des tramways, depuis de nombreuses ann\u00e9es, SCIT EQUIPEMENT propose des ensembles complets, int\u00e9grant des modules \u00e9lectroniques, \u00e9lectriques et m\u00e9caniques pour [&hellip;]<\/p>\n","protected":false},"author":1,"featured_media":0,"parent":0,"menu_order":0,"comment_status":"closed","ping_status":"closed","template":"","meta":{"_et_pb_use_builder":"on","_et_pb_old_content":"","_et_gb_content_width":"","footnotes":""},"class_list":["post-93","page","type-page","status-publish","hentry"],"yoast_head":"<!-- This site is optimized with the Yoast SEO plugin v22.6 - https:\/\/yoast.com\/wordpress\/plugins\/seo\/ -->\n<title>INTERIOR FITTING<\/title>\n<meta name=\"robots\" content=\"index, follow, max-snippet:-1, max-image-preview:large, max-video-preview:-1\" \/>\n<link rel=\"canonical\" href=\"https:\/\/scitequipement.fr\/interiorisme\/\" \/>\n<meta property=\"og:locale\" content=\"en_US\" \/>\n<meta property=\"og:type\" content=\"article\" \/>\n<meta property=\"og:title\" content=\"INTERIOR FITTING\" \/>\n<meta property=\"og:url\" content=\"https:\/\/scitequipement.fr\/interiorisme\/\" \/>\n<meta property=\"og:site_name\" content=\"SCIT\" \/>\n<meta property=\"article:modified_time\" content=\"2023-05-23T18:46:03+00:00\" \/>\n<meta name=\"twitter:card\" content=\"summary_large_image\" \/>\n<meta name=\"twitter:label1\" content=\"Est. reading time\" \/>\n\t<meta name=\"twitter:data1\" content=\"5 minutes\" \/>\n<script type=\"application\/ld+json\" class=\"yoast-schema-graph\">{\"@context\":\"https:\/\/schema.org\",\"@graph\":[{\"@type\":\"WebPage\",\"@id\":\"https:\/\/scitequipement.fr\/interiorisme\/\",\"url\":\"https:\/\/scitequipement.fr\/interiorisme\/\",\"name\":\"INTERIORISME - SCIT\",\"isPartOf\":{\"@id\":\"https:\/\/scitequipement.fr\/fr\/#website\"},\"datePublished\":\"2022-10-29T07:13:11+00:00\",\"dateModified\":\"2023-05-23T18:46:03+00:00\",\"breadcrumb\":{\"@id\":\"https:\/\/scitequipement.fr\/interiorisme\/#breadcrumb\"},\"inLanguage\":\"en-US\",\"potentialAction\":[{\"@type\":\"ReadAction\",\"target\":[\"https:\/\/scitequipement.fr\/interiorisme\/\"]}]},{\"@type\":\"BreadcrumbList\",\"@id\":\"https:\/\/scitequipement.fr\/interiorisme\/#breadcrumb\",\"itemListElement\":[{\"@type\":\"ListItem\",\"position\":1,\"name\":\"Accueil\",\"item\":\"https:\/\/scitequipement.fr\/fr\/\"},{\"@type\":\"ListItem\",\"position\":2,\"name\":\"INTERIOR FITTING\"}]},{\"@type\":\"WebSite\",\"@id\":\"https:\/\/scitequipement.fr\/fr\/#website\",\"url\":\"https:\/\/scitequipement.fr\/fr\/\",\"name\":\"SCIT\",\"description\":\"\u00c9quipements\",\"publisher\":{\"@id\":\"https:\/\/scitequipement.fr\/fr\/#organization\"},\"potentialAction\":[{\"@type\":\"SearchAction\",\"target\":{\"@type\":\"EntryPoint\",\"urlTemplate\":\"https:\/\/scitequipement.fr\/fr\/?s={search_term_string}\"},\"query-input\":\"required name=search_term_string\"}],\"inLanguage\":\"en-US\"},{\"@type\":\"Organization\",\"@id\":\"https:\/\/scitequipement.fr\/fr\/#organization\",\"name\":\"SCIT\",\"url\":\"https:\/\/scitequipement.fr\/fr\/\",\"logo\":{\"@type\":\"ImageObject\",\"inLanguage\":\"en-US\",\"@id\":\"https:\/\/scitequipement.fr\/fr\/#\/schema\/logo\/image\/\",\"url\":\"https:\/\/scitequipement.fr\/wp-content\/uploads\/2022\/10\/logo-scit.png\",\"contentUrl\":\"https:\/\/scitequipement.fr\/wp-content\/uploads\/2022\/10\/logo-scit.png\",\"width\":824,\"height\":156,\"caption\":\"SCIT\"},\"image\":{\"@id\":\"https:\/\/scitequipement.fr\/fr\/#\/schema\/logo\/image\/\"}}]}<\/script>\n<!-- \/ Yoast SEO plugin. -->","yoast_head_json":{"title":"INTERIOR FITTING","robots":{"index":"index","follow":"follow","max-snippet":"max-snippet:-1","max-image-preview":"max-image-preview:large","max-video-preview":"max-video-preview:-1"},"canonical":"https:\/\/scitequipement.fr\/interiorisme\/","og_locale":"en_US","og_type":"article","og_title":"INTERIOR FITTING","og_url":"https:\/\/scitequipement.fr\/interiorisme\/","og_site_name":"SCIT","article_modified_time":"2023-05-23T18:46:03+00:00","twitter_card":"summary_large_image","twitter_misc":{"Est. reading time":"5 minutes"},"schema":{"@context":"https:\/\/schema.org","@graph":[{"@type":"WebPage","@id":"https:\/\/scitequipement.fr\/interiorisme\/","url":"https:\/\/scitequipement.fr\/interiorisme\/","name":"INTERIORISME - SCIT","isPartOf":{"@id":"https:\/\/scitequipement.fr\/fr\/#website"},"datePublished":"2022-10-29T07:13:11+00:00","dateModified":"2023-05-23T18:46:03+00:00","breadcrumb":{"@id":"https:\/\/scitequipement.fr\/interiorisme\/#breadcrumb"},"inLanguage":"en-US","potentialAction":[{"@type":"ReadAction","target":["https:\/\/scitequipement.fr\/interiorisme\/"]}]},{"@type":"BreadcrumbList","@id":"https:\/\/scitequipement.fr\/interiorisme\/#breadcrumb","itemListElement":[{"@type":"ListItem","position":1,"name":"Accueil","item":"https:\/\/scitequipement.fr\/fr\/"},{"@type":"ListItem","position":2,"name":"INTERIOR FITTING"}]},{"@type":"WebSite","@id":"https:\/\/scitequipement.fr\/fr\/#website","url":"https:\/\/scitequipement.fr\/fr\/","name":"SCIT","description":"\u00c9quipements","publisher":{"@id":"https:\/\/scitequipement.fr\/fr\/#organization"},"potentialAction":[{"@type":"SearchAction","target":{"@type":"EntryPoint","urlTemplate":"https:\/\/scitequipement.fr\/fr\/?s={search_term_string}"},"query-input":"required name=search_term_string"}],"inLanguage":"en-US"},{"@type":"Organization","@id":"https:\/\/scitequipement.fr\/fr\/#organization","name":"SCIT","url":"https:\/\/scitequipement.fr\/fr\/","logo":{"@type":"ImageObject","inLanguage":"en-US","@id":"https:\/\/scitequipement.fr\/fr\/#\/schema\/logo\/image\/","url":"https:\/\/scitequipement.fr\/wp-content\/uploads\/2022\/10\/logo-scit.png","contentUrl":"https:\/\/scitequipement.fr\/wp-content\/uploads\/2022\/10\/logo-scit.png","width":824,"height":156,"caption":"SCIT"},"image":{"@id":"https:\/\/scitequipement.fr\/fr\/#\/schema\/logo\/image\/"}}]}},"_links":{"self":[{"href":"https:\/\/scitequipement.fr\/wp-json\/wp\/v2\/pages\/93","targetHints":{"allow":["GET"]}}],"collection":[{"href":"https:\/\/scitequipement.fr\/wp-json\/wp\/v2\/pages"}],"about":[{"href":"https:\/\/scitequipement.fr\/wp-json\/wp\/v2\/types\/page"}],"author":[{"embeddable":true,"href":"https:\/\/scitequipement.fr\/wp-json\/wp\/v2\/users\/1"}],"replies":[{"embeddable":true,"href":"https:\/\/scitequipement.fr\/wp-json\/wp\/v2\/comments?post=93"}],"version-history":[{"count":23,"href":"https:\/\/scitequipement.fr\/wp-json\/wp\/v2\/pages\/93\/revisions"}],"predecessor-version":[{"id":438,"href":"https:\/\/scitequipement.fr\/wp-json\/wp\/v2\/pages\/93\/revisions\/438"}],"wp:attachment":[{"href":"https:\/\/scitequipement.fr\/wp-json\/wp\/v2\/media?parent=93"}],"curies":[{"name":"wp","href":"https:\/\/api.w.org\/{rel}","templated":true}]}}