{"id":81,"date":"2022-10-29T09:02:31","date_gmt":"2022-10-29T07:02:31","guid":{"rendered":"https:\/\/scitequipement.fr\/?page_id=81"},"modified":"2023-05-23T20:47:28","modified_gmt":"2023-05-23T18:47:28","slug":"renovations","status":"publish","type":"page","link":"https:\/\/scitequipement.fr\/renovations\/","title":{"rendered":"REFURBISHING"},"content":{"rendered":"<p>[et_pb_section fb_built=&#8221;1&#8243; module_class=&#8221;top-section&#8221; _builder_version=&#8221;4.18.1&#8243; _module_preset=&#8221;default&#8221; custom_padding=&#8221;0px||||false|false&#8221; global_colors_info=&#8221;{}&#8221;][et_pb_row _builder_version=&#8221;4.18.0&#8243; _module_preset=&#8221;default&#8221; global_colors_info=&#8221;{}&#8221;][et_pb_column type=&#8221;4_4&#8243; _builder_version=&#8221;4.18.0&#8243; _module_preset=&#8221;default&#8221; global_colors_info=&#8221;{}&#8221;][et_pb_divider show_divider=&#8221;off&#8221; module_class=&#8221;ligne-rond inverse&#8221; _builder_version=&#8221;4.18.1&#8243; _module_preset=&#8221;default&#8221; custom_padding=&#8221;10px||||false|false&#8221; locked=&#8221;off&#8221; global_colors_info=&#8221;{}&#8221;][\/et_pb_divider][et_pb_text _builder_version=&#8221;4.20.2&#8243; _module_preset=&#8221;default&#8221; content_en_us=&#8221;<\/p>\n<h1>REFURBISHING\u2013 MODERNIZE &#8211; RENEWAL<\/h1>\n<p>&#8221; global_colors_info=&#8221;{}&#8221;]<\/p>\n<h1>R\u00e9novation &#8211; R\u00e9habilitation &#8211; Modernisation<\/h1>\n<p>[\/et_pb_text][\/et_pb_column][\/et_pb_row][et_pb_row column_structure=&#8221;1_2,1_2&#8243; _builder_version=&#8221;4.19.0&#8243; _module_preset=&#8221;default&#8221; custom_padding=&#8221;0px||||false|false&#8221; global_colors_info=&#8221;{}&#8221;][et_pb_column type=&#8221;1_2&#8243; _builder_version=&#8221;4.18.0&#8243; _module_preset=&#8221;default&#8221; global_colors_info=&#8221;{}&#8221;][et_pb_text _builder_version=&#8221;4.20.4&#8243; _module_preset=&#8221;default&#8221; text_font=&#8221;||on||||||&#8221; text_font_size=&#8221;18px&#8221; text_line_height=&#8221;1.2em&#8221; content_en_us=&#8221;<\/p>\n<p>%22Modernize, renews needs that are accelerating%22<\/p>\n<p>&#8221; global_colors_info=&#8221;{}&#8221;]<\/p>\n<p>&#8220;Moderniser, renouveler, des besoins qui s\u2019acc\u00e9l\u00e8rent&#8221;<\/p>\n<p>[\/et_pb_text][\/et_pb_column][et_pb_column type=&#8221;1_2&#8243; _builder_version=&#8221;4.18.0&#8243; _module_preset=&#8221;default&#8221; global_colors_info=&#8221;{}&#8221;][et_pb_video src=&#8221;https:\/\/player.vimeo.com\/video\/816587295?h=a8d85e14c9&#8243; image_src=&#8221;https:\/\/scitequipement.fr\/wp-content\/uploads\/2023\/02\/Renovation.00_00_07_19.Still004.png&#8221; play_icon_color=&#8221;RGBA(255,255,255,0)&#8221; thumbnail_overlay_color=&#8221;RGBA(255,255,255,0)&#8221; module_class=&#8221;video-fr&#8221; _builder_version=&#8221;4.20.4&#8243; _module_preset=&#8221;default&#8221; width=&#8221;90%&#8221; global_colors_info=&#8221;{}&#8221;][\/et_pb_video][et_pb_video src=&#8221;https:\/\/player.vimeo.com\/video\/816569214?h=b22300a548&#8243; image_src=&#8221;https:\/\/scitequipement.fr\/wp-content\/uploads\/2023\/02\/Renovation.00_00_07_19.Still004.png&#8221; play_icon_color=&#8221;RGBA(255,255,255,0)&#8221; thumbnail_overlay_color=&#8221;RGBA(255,255,255,0)&#8221; module_class=&#8221;video-en&#8221; _builder_version=&#8221;4.20.4&#8243; _module_preset=&#8221;default&#8221; width=&#8221;90%&#8221; global_colors_info=&#8221;{}&#8221;][\/et_pb_video][\/et_pb_column][\/et_pb_row][et_pb_row column_structure=&#8221;1_3,2_3&#8243; _builder_version=&#8221;4.18.0&#8243; _module_preset=&#8221;default&#8221; global_colors_info=&#8221;{}&#8221;][et_pb_column type=&#8221;1_3&#8243; _builder_version=&#8221;4.18.0&#8243; _module_preset=&#8221;default&#8221; global_colors_info=&#8221;{}&#8221;][et_pb_image src=&#8221;https:\/\/scitequipement.fr\/wp-content\/uploads\/2023\/03\/Renovation-02.00_00_02_02.Still004-1-1-1024&#215;964.png&#8221; title_text=&#8221;Renovation-02.00_00_02_02.Still004 (1) (1)&#8221; _builder_version=&#8221;4.20.0&#8243; _module_preset=&#8221;default&#8221; custom_margin=&#8221;-50px||||false|false&#8221; global_colors_info=&#8221;{}&#8221;][\/et_pb_image][et_pb_text _builder_version=&#8221;4.20.4&#8243; _module_preset=&#8221;default&#8221; custom_padding=&#8221;|||130px|false|false&#8221; content_en_us=&#8221;<\/p>\n<ul>\n<li>*Electrical qualification<\/li>\n<li>*Working at height<\/li>\n<li>*Bonding\/Gluing<\/li>\n<li>*SS4 asbestos<\/li>\n<li>*Welding EN 15085<\/li>\n<\/ul>\n<p>&#8221; global_colors_info=&#8221;{}&#8221;]<\/p>\n<ul>\n<li>*Habilitation \u00e9lectrique<\/li>\n<li>*Travail en hauteur<\/li>\n<li>*Collage sp\u00e9cifique<\/li>\n<li>*SS4 amiante<\/li>\n<li>*Soudure EN 15085<\/li>\n<\/ul>\n<p>[\/et_pb_text][\/et_pb_column][et_pb_column type=&#8221;2_3&#8243; _builder_version=&#8221;4.18.0&#8243; _module_preset=&#8221;default&#8221; global_colors_info=&#8221;{}&#8221;][et_pb_text module_class=&#8221;carre-rouge&#8221; _builder_version=&#8221;4.20.4&#8243; _module_preset=&#8221;default&#8221; content_en_us=&#8221;<\/p>\n<p>SCIT EQUIPMENT offers its customers the equipment\u2019s upgrade (Refurbishment, rehabilitation, renovation, modernization of passenger cars).<\/p>\n<ul>\n<li>We adapt our interventions, at customer site or in our facility with our operators or subcontracting with contractors\/manufacturers.<\/li>\n<li>We operate in a %22secure environment%22 with qualified professionals, experienced, and regularly trained operators*<\/li>\n<li>Our commitment to meet deadlines is made possible by mastery and the adaptability of our supply chain.<br \/>We contribute to environmental protection through waste management, and the use of innovative materials.<\/li>\n<li>We carry out studies and specific manufacturing review on several families of products: exterior shell and interior paneling.<\/li>\n<li>We support the digital transition of rolling stock with display tools,and other embedded computer systems.<\/li>\n<\/ul>\n<p>&#8221; global_colors_info=&#8221;{}&#8221;]<\/p>\n<p>Gr\u00e2ce \u00e0 un management adapt\u00e9, SCIT EQUIPEMENT propose \u00e0 ses clients la r\u00e9novation du mat\u00e9riel roulant (<em>r\u00e9fection, r\u00e9habilitation, r\u00e9novation, modernisation des voitures\u00a0 voyageurs, des termes multiples qui se pr\u00e9cisent selon les cahiers des charges clients<\/em>).<\/p>\n<ul>\n<li>Nous adaptons nos interventions sur le site de l\u2019exploitant ou en nos locaux, en cotraitance ou en sous-traitance avec les op\u00e9rateurs et les constructeurs.<\/li>\n<li>Nous intervenons dans un \u00ab environnement s\u00e9curis\u00e9 \u00bb avec des professionnels qualifi\u00e9s, exp\u00e9riment\u00e9s et form\u00e9s r\u00e9guli\u00e8rement*<\/li>\n<li>Notre engagement est de respecter les d\u00e9lais par la maitrise et l\u2019adaptabilit\u00e9 de notre chaine logistique.<\/li>\n<li>Nous contibuons \u00e0 la protection environnementale par la gestion des d\u00e9chets, et l\u2019utilisation de mat\u00e9riaux innovants.<\/li>\n<li>\u00c0 la demande de nos clients nous pouvons r\u00e9aliser des \u00e9tudes des fabrications sp\u00e9cifiques sur plusieurs familles de produits : Habillage ext\u00e9rieur ou int\u00e9rieur.<\/li>\n<li>Nous accompagnons la transition num\u00e9rique du mat\u00e9riel roulant<br \/>avec des outils d&#8217;affichage et d&#8217;autres syst\u00e8mes d&#8217;\u00e9quipement informatiques embarqu\u00e9s.<\/li>\n<\/ul>\n<p>[\/et_pb_text][\/et_pb_column][\/et_pb_row][\/et_pb_section][et_pb_section fb_built=&#8221;1&#8243; _builder_version=&#8221;4.19.0&#8243; _module_preset=&#8221;default&#8221; background_color=&#8221;RGBA(255,255,255,0)&#8221; custom_padding=&#8221;0px||||false|false&#8221; global_colors_info=&#8221;{}&#8221;][et_pb_row _builder_version=&#8221;4.18.1&#8243; _module_preset=&#8221;default&#8221; global_colors_info=&#8221;{}&#8221;][et_pb_column type=&#8221;4_4&#8243; _builder_version=&#8221;4.18.1&#8243; _module_preset=&#8221;default&#8221; global_colors_info=&#8221;{}&#8221;][et_pb_text _builder_version=&#8221;4.19.4&#8243; _module_preset=&#8221;default&#8221; content_en_us=&#8221;<\/p>\n<h2>In photos<\/h2>\n<p>&#8221; global_colors_info=&#8221;{}&#8221;]<\/p>\n<h2>En images<\/h2>\n<p>[\/et_pb_text][\/et_pb_column][\/et_pb_row][et_pb_row use_custom_gutter=&#8221;on&#8221; gutter_width=&#8221;2&#8243; _builder_version=&#8221;4.18.1&#8243; _module_preset=&#8221;default&#8221; background_color=&#8221;#ebeef3&#8243; custom_padding=&#8221;|20px||20px|false|true&#8221; global_colors_info=&#8221;{}&#8221;][et_pb_column type=&#8221;4_4&#8243; _builder_version=&#8221;4.18.1&#8243; _module_preset=&#8221;default&#8221; global_colors_info=&#8221;{}&#8221;][ba_image_carousel is_autoplay=&#8221;off&#8221; _builder_version=&#8221;4.21.0&#8243; _module_preset=&#8221;default&#8221; hover_enabled=&#8221;0&#8243; global_colors_info=&#8221;{}&#8221; sticky_enabled=&#8221;0&#8243;][ba_image_carousel_child admin_title=&#8221;1&#8243; photo=&#8221;https:\/\/scitequipement.fr\/wp-content\/uploads\/2022\/10\/Etalonnage-02.00_00_02_18.Still004.png&#8221; _builder_version=&#8221;4.20.4&#8243; _module_preset=&#8221;default&#8221; global_colors_info=&#8221;{}&#8221;][\/ba_image_carousel_child][ba_image_carousel_child admin_title=&#8221;3&#8243; photo=&#8221;https:\/\/scitequipement.fr\/wp-content\/uploads\/2022\/10\/Etalonnage-03.00_00_02_18.jpg&#8221; _builder_version=&#8221;4.20.4&#8243; _module_preset=&#8221;default&#8221; global_colors_info=&#8221;{}&#8221;][\/ba_image_carousel_child][ba_image_carousel_child admin_title=&#8221;4&#8243; photo=&#8221;https:\/\/scitequipement.fr\/wp-content\/uploads\/2022\/10\/Etalonnage-01-Copier-01.00_00_02_18.Still003.png&#8221; _builder_version=&#8221;4.20.4&#8243; _module_preset=&#8221;default&#8221; global_colors_info=&#8221;{}&#8221;][\/ba_image_carousel_child][ba_image_carousel_child photo=&#8221;https:\/\/scitequipement.fr\/wp-content\/uploads\/2023\/02\/baie-a-imposte-scaled.jpg&#8221; _builder_version=&#8221;4.20.4&#8243; _module_preset=&#8221;default&#8221; global_colors_info=&#8221;{}&#8221;][\/ba_image_carousel_child][ba_image_carousel_child photo=&#8221;https:\/\/scitequipement.fr\/wp-content\/uploads\/2023\/02\/plafond-scaled.jpg&#8221; _builder_version=&#8221;4.20.0&#8243; _module_preset=&#8221;default&#8221; global_colors_info=&#8221;{}&#8221;][\/ba_image_carousel_child][ba_image_carousel_child photo=&#8221;https:\/\/scitequipement.fr\/wp-content\/uploads\/2023\/02\/16-RENOVATION-02-MIX-ETALO.00_00_24_20.Still003.png&#8221; _builder_version=&#8221;4.20.0&#8243; _module_preset=&#8221;default&#8221; global_colors_info=&#8221;{}&#8221;][\/ba_image_carousel_child][ba_image_carousel_child photo=&#8221;https:\/\/scitequipement.fr\/wp-content\/uploads\/2023\/05\/01.001.jpeg&#8221; _builder_version=&#8221;4.20.4&#8243; _module_preset=&#8221;default&#8221; global_colors_info=&#8221;{}&#8221;][\/ba_image_carousel_child][ba_image_carousel_child photo=&#8221;https:\/\/scitequipement.fr\/wp-content\/uploads\/2023\/05\/20230424_102856-rotated.jpg&#8221; _builder_version=&#8221;4.20.4&#8243; _module_preset=&#8221;default&#8221; global_colors_info=&#8221;{}&#8221;][\/ba_image_carousel_child][ba_image_carousel_child photo=&#8221;https:\/\/scitequipement.fr\/wp-content\/uploads\/2023\/05\/20230424_102943.jpg&#8221; _builder_version=&#8221;4.20.4&#8243; _module_preset=&#8221;default&#8221; global_colors_info=&#8221;{}&#8221;][\/ba_image_carousel_child][\/ba_image_carousel][\/et_pb_column][\/et_pb_row][\/et_pb_section][et_pb_section fb_built=&#8221;1&#8243; _builder_version=&#8221;4.20.0&#8243; _module_preset=&#8221;default&#8221; background_color=&#8221;RGBA(255,255,255,0)&#8221; custom_padding=&#8221;0px||0px||true|false&#8221; global_module=&#8221;61&#8243; saved_tabs=&#8221;all&#8221; global_colors_info=&#8221;{}&#8221;][et_pb_row _builder_version=&#8221;4.18.0&#8243; _module_preset=&#8221;default&#8221; global_colors_info=&#8221;{}&#8221;][et_pb_column type=&#8221;4_4&#8243; _builder_version=&#8221;4.18.0&#8243; _module_preset=&#8221;default&#8221; global_colors_info=&#8221;{}&#8221;][et_pb_divider color=&#8221;#bfcadb&#8221; divider_weight=&#8221;3px&#8221; _builder_version=&#8221;4.18.0&#8243; _module_preset=&#8221;default&#8221; global_colors_info=&#8221;{}&#8221;][\/et_pb_divider][et_pb_button button_url=&#8221;@ET-DC@eyJkeW5hbWljIjp0cnVlLCJjb250ZW50IjoicG9zdF9saW5rX3VybF9wYWdlIiwic2V0dGluZ3MiOnsicG9zdF9pZCI6IjM1MyJ9fQ==@&#8221; button_text=&#8221;Prendre contact&#8221; button_alignment=&#8221;center&#8221; _builder_version=&#8221;4.20.0&#8243; _dynamic_attributes=&#8221;button_url&#8221; _module_preset=&#8221;default&#8221; button_text_en_us=&#8221;Contact us&#8221; global_colors_info=&#8221;{}&#8221;][\/et_pb_button][\/et_pb_column][\/et_pb_row][\/et_pb_section]<\/p>\n","protected":false},"excerpt":{"rendered":"<p>R\u00e9novation &#8211; R\u00e9habilitation &#8211; Modernisation&#8221;Moderniser, renouveler, des besoins qui s\u2019acc\u00e9l\u00e8rent&#8221; *Habilitation \u00e9lectrique *Travail en hauteur *Collage sp\u00e9cifique *SS4 amiante *Soudure EN 15085 Gr\u00e2ce \u00e0 un management adapt\u00e9, SCIT EQUIPEMENT propose \u00e0 ses clients la r\u00e9novation du mat\u00e9riel roulant (r\u00e9fection, r\u00e9habilitation, r\u00e9novation, modernisation des voitures\u00a0 voyageurs, des termes multiples qui se pr\u00e9cisent selon les cahiers des [&hellip;]<\/p>\n","protected":false},"author":1,"featured_media":0,"parent":0,"menu_order":0,"comment_status":"closed","ping_status":"closed","template":"","meta":{"_et_pb_use_builder":"on","_et_pb_old_content":"","_et_gb_content_width":"","footnotes":""},"class_list":["post-81","page","type-page","status-publish","hentry"],"yoast_head":"<!-- This site is optimized with the Yoast SEO plugin v22.6 - https:\/\/yoast.com\/wordpress\/plugins\/seo\/ -->\n<title>REFURBISHING<\/title>\n<meta name=\"robots\" content=\"index, follow, max-snippet:-1, max-image-preview:large, max-video-preview:-1\" \/>\n<link rel=\"canonical\" href=\"https:\/\/scitequipement.fr\/renovations\/\" \/>\n<meta property=\"og:locale\" content=\"en_US\" \/>\n<meta property=\"og:type\" content=\"article\" \/>\n<meta property=\"og:title\" content=\"REFURBISHING\" \/>\n<meta property=\"og:url\" content=\"https:\/\/scitequipement.fr\/renovations\/\" \/>\n<meta property=\"og:site_name\" content=\"SCIT\" \/>\n<meta property=\"article:modified_time\" content=\"2023-05-23T18:47:28+00:00\" \/>\n<meta name=\"twitter:card\" content=\"summary_large_image\" \/>\n<meta name=\"twitter:label1\" content=\"Est. reading time\" \/>\n\t<meta name=\"twitter:data1\" content=\"6 minutes\" \/>\n<script type=\"application\/ld+json\" class=\"yoast-schema-graph\">{\"@context\":\"https:\/\/schema.org\",\"@graph\":[{\"@type\":\"WebPage\",\"@id\":\"https:\/\/scitequipement.fr\/renovations\/\",\"url\":\"https:\/\/scitequipement.fr\/renovations\/\",\"name\":\"R\u00e9novations - SCIT\",\"isPartOf\":{\"@id\":\"https:\/\/scitequipement.fr\/fr\/#website\"},\"datePublished\":\"2022-10-29T07:02:31+00:00\",\"dateModified\":\"2023-05-23T18:47:28+00:00\",\"breadcrumb\":{\"@id\":\"https:\/\/scitequipement.fr\/renovations\/#breadcrumb\"},\"inLanguage\":\"en-US\",\"potentialAction\":[{\"@type\":\"ReadAction\",\"target\":[\"https:\/\/scitequipement.fr\/renovations\/\"]}]},{\"@type\":\"BreadcrumbList\",\"@id\":\"https:\/\/scitequipement.fr\/renovations\/#breadcrumb\",\"itemListElement\":[{\"@type\":\"ListItem\",\"position\":1,\"name\":\"Accueil\",\"item\":\"https:\/\/scitequipement.fr\/fr\/\"},{\"@type\":\"ListItem\",\"position\":2,\"name\":\"REFURBISHING\"}]},{\"@type\":\"WebSite\",\"@id\":\"https:\/\/scitequipement.fr\/fr\/#website\",\"url\":\"https:\/\/scitequipement.fr\/fr\/\",\"name\":\"SCIT\",\"description\":\"\u00c9quipements\",\"publisher\":{\"@id\":\"https:\/\/scitequipement.fr\/fr\/#organization\"},\"potentialAction\":[{\"@type\":\"SearchAction\",\"target\":{\"@type\":\"EntryPoint\",\"urlTemplate\":\"https:\/\/scitequipement.fr\/fr\/?s={search_term_string}\"},\"query-input\":\"required name=search_term_string\"}],\"inLanguage\":\"en-US\"},{\"@type\":\"Organization\",\"@id\":\"https:\/\/scitequipement.fr\/fr\/#organization\",\"name\":\"SCIT\",\"url\":\"https:\/\/scitequipement.fr\/fr\/\",\"logo\":{\"@type\":\"ImageObject\",\"inLanguage\":\"en-US\",\"@id\":\"https:\/\/scitequipement.fr\/fr\/#\/schema\/logo\/image\/\",\"url\":\"https:\/\/scitequipement.fr\/wp-content\/uploads\/2022\/10\/logo-scit.png\",\"contentUrl\":\"https:\/\/scitequipement.fr\/wp-content\/uploads\/2022\/10\/logo-scit.png\",\"width\":824,\"height\":156,\"caption\":\"SCIT\"},\"image\":{\"@id\":\"https:\/\/scitequipement.fr\/fr\/#\/schema\/logo\/image\/\"}}]}<\/script>\n<!-- \/ Yoast SEO plugin. -->","yoast_head_json":{"title":"REFURBISHING","robots":{"index":"index","follow":"follow","max-snippet":"max-snippet:-1","max-image-preview":"max-image-preview:large","max-video-preview":"max-video-preview:-1"},"canonical":"https:\/\/scitequipement.fr\/renovations\/","og_locale":"en_US","og_type":"article","og_title":"REFURBISHING","og_url":"https:\/\/scitequipement.fr\/renovations\/","og_site_name":"SCIT","article_modified_time":"2023-05-23T18:47:28+00:00","twitter_card":"summary_large_image","twitter_misc":{"Est. reading time":"6 minutes"},"schema":{"@context":"https:\/\/schema.org","@graph":[{"@type":"WebPage","@id":"https:\/\/scitequipement.fr\/renovations\/","url":"https:\/\/scitequipement.fr\/renovations\/","name":"R\u00e9novations - SCIT","isPartOf":{"@id":"https:\/\/scitequipement.fr\/fr\/#website"},"datePublished":"2022-10-29T07:02:31+00:00","dateModified":"2023-05-23T18:47:28+00:00","breadcrumb":{"@id":"https:\/\/scitequipement.fr\/renovations\/#breadcrumb"},"inLanguage":"en-US","potentialAction":[{"@type":"ReadAction","target":["https:\/\/scitequipement.fr\/renovations\/"]}]},{"@type":"BreadcrumbList","@id":"https:\/\/scitequipement.fr\/renovations\/#breadcrumb","itemListElement":[{"@type":"ListItem","position":1,"name":"Accueil","item":"https:\/\/scitequipement.fr\/fr\/"},{"@type":"ListItem","position":2,"name":"REFURBISHING"}]},{"@type":"WebSite","@id":"https:\/\/scitequipement.fr\/fr\/#website","url":"https:\/\/scitequipement.fr\/fr\/","name":"SCIT","description":"\u00c9quipements","publisher":{"@id":"https:\/\/scitequipement.fr\/fr\/#organization"},"potentialAction":[{"@type":"SearchAction","target":{"@type":"EntryPoint","urlTemplate":"https:\/\/scitequipement.fr\/fr\/?s={search_term_string}"},"query-input":"required name=search_term_string"}],"inLanguage":"en-US"},{"@type":"Organization","@id":"https:\/\/scitequipement.fr\/fr\/#organization","name":"SCIT","url":"https:\/\/scitequipement.fr\/fr\/","logo":{"@type":"ImageObject","inLanguage":"en-US","@id":"https:\/\/scitequipement.fr\/fr\/#\/schema\/logo\/image\/","url":"https:\/\/scitequipement.fr\/wp-content\/uploads\/2022\/10\/logo-scit.png","contentUrl":"https:\/\/scitequipement.fr\/wp-content\/uploads\/2022\/10\/logo-scit.png","width":824,"height":156,"caption":"SCIT"},"image":{"@id":"https:\/\/scitequipement.fr\/fr\/#\/schema\/logo\/image\/"}}]}},"_links":{"self":[{"href":"https:\/\/scitequipement.fr\/wp-json\/wp\/v2\/pages\/81","targetHints":{"allow":["GET"]}}],"collection":[{"href":"https:\/\/scitequipement.fr\/wp-json\/wp\/v2\/pages"}],"about":[{"href":"https:\/\/scitequipement.fr\/wp-json\/wp\/v2\/types\/page"}],"author":[{"embeddable":true,"href":"https:\/\/scitequipement.fr\/wp-json\/wp\/v2\/users\/1"}],"replies":[{"embeddable":true,"href":"https:\/\/scitequipement.fr\/wp-json\/wp\/v2\/comments?post=81"}],"version-history":[{"count":26,"href":"https:\/\/scitequipement.fr\/wp-json\/wp\/v2\/pages\/81\/revisions"}],"predecessor-version":[{"id":439,"href":"https:\/\/scitequipement.fr\/wp-json\/wp\/v2\/pages\/81\/revisions\/439"}],"wp:attachment":[{"href":"https:\/\/scitequipement.fr\/wp-json\/wp\/v2\/media?parent=81"}],"curies":[{"name":"wp","href":"https:\/\/api.w.org\/{rel}","templated":true}]}}